{"id":12373,"date":"2022-10-20T22:24:06","date_gmt":"2022-10-20T20:24:06","guid":{"rendered":"https:\/\/davidbasso.com\/diesel\/?page_id=12373"},"modified":"2023-03-25T13:40:50","modified_gmt":"2023-03-25T12:40:50","slug":"diesel-en-streaming","status":"publish","type":"page","link":"https:\/\/davidbasso.com\/diesel\/diesel-en-streaming\/","title":{"rendered":"Diesel en Streaming"},"content":{"rendered":"\t\t<div data-elementor-type=\"wp-page\" data-elementor-id=\"12373\" class=\"elementor elementor-12373\">\n\t\t\t\t\t\t<section class=\"elementor-section elementor-top-section elementor-element elementor-element-24022519 elementor-section-boxed elementor-section-height-default elementor-section-height-default wpr-particle-no wpr-jarallax-no wpr-parallax-no wpr-sticky-section-no\" data-id=\"24022519\" data-element_type=\"section\">\n\t\t\t\t\t\t<div class=\"elementor-container elementor-column-gap-default\">\n\t\t\t\t\t<div class=\"elementor-column elementor-col-100 elementor-top-column elementor-element elementor-element-379b6ecc\" data-id=\"379b6ecc\" data-element_type=\"column\">\n\t\t\t<div class=\"elementor-widget-wrap elementor-element-populated\">\n\t\t\t\t\t\t<div class=\"elementor-element elementor-element-3ebd5252 elementor-widget elementor-widget-text-editor\" data-id=\"3ebd5252\" data-element_type=\"widget\" data-widget_type=\"text-editor.default\">\n\t\t\t\t<div class=\"elementor-widget-container\">\n\t\t\t\t\t\t\t<p><!-- wp:paragraph --><\/p>\n<p><strong>Le film Diesel (<\/strong><strong style=\"color: var( --e-global-color-text ); letter-spacing: 0.2px;\">en streaming)\u00a0<\/strong><strong style=\"color: var( --e-global-color-text ); letter-spacing: 0.2px;\">est disponible \u00e0 l&rsquo;achat sur vimeo.<\/strong><\/p>\n<p><!-- \/wp:paragraph --><\/p>\t\t\t\t\t\t<\/div>\n\t\t\t\t<\/div>\n\t\t\t\t\t<\/div>\n\t\t<\/div>\n\t\t\t\t\t<\/div>\n\t\t<\/section>\n\t\t\t\t<section class=\"elementor-section elementor-top-section elementor-element elementor-element-0f74f88 elementor-section-boxed elementor-section-height-default elementor-section-height-default wpr-particle-no wpr-jarallax-no wpr-parallax-no wpr-sticky-section-no\" data-id=\"0f74f88\" data-element_type=\"section\">\n\t\t\t\t\t\t<div class=\"elementor-container elementor-column-gap-default\">\n\t\t\t\t\t<div class=\"elementor-column elementor-col-100 elementor-top-column elementor-element elementor-element-5c6352c\" data-id=\"5c6352c\" data-element_type=\"column\">\n\t\t\t<div class=\"elementor-widget-wrap elementor-element-populated\">\n\t\t\t\t\t\t<div class=\"elementor-element elementor-element-b9d4293 elementor-widget elementor-widget-image\" data-id=\"b9d4293\" data-element_type=\"widget\" data-widget_type=\"image.default\">\n\t\t\t\t<div class=\"elementor-widget-container\">\n\t\t\t\t\t\t\t\t\t\t\t\t\t<img fetchpriority=\"high\" decoding=\"async\" width=\"1024\" height=\"583\" src=\"https:\/\/davidbasso.com\/diesel\/wp-content\/uploads\/2022\/10\/player.png.webp\" class=\"attachment-full size-full wp-image-12374\" alt=\"Diesel en streaming\" srcset=\"https:\/\/davidbasso.com\/diesel\/wp-content\/uploads\/2022\/10\/player.png.webp 1024w, https:\/\/davidbasso.com\/diesel\/wp-content\/uploads\/2022\/10\/player.png-1000x569.webp 1000w, https:\/\/davidbasso.com\/diesel\/wp-content\/uploads\/2022\/10\/player.png-300x171.webp 300w, https:\/\/davidbasso.com\/diesel\/wp-content\/uploads\/2022\/10\/player.png-768x437.webp 768w\" sizes=\"(max-width: 1024px) 100vw, 1024px\" \/>\t\t\t\t\t\t\t\t\t\t\t\t\t<\/div>\n\t\t\t\t<\/div>\n\t\t\t\t\t<\/div>\n\t\t<\/div>\n\t\t\t\t\t<\/div>\n\t\t<\/section>\n\t\t\t\t<section class=\"elementor-section elementor-top-section elementor-element elementor-element-da113a1 elementor-section-boxed elementor-section-height-default elementor-section-height-default wpr-particle-no wpr-jarallax-no wpr-parallax-no wpr-sticky-section-no\" data-id=\"da113a1\" data-element_type=\"section\">\n\t\t\t\t\t\t<div class=\"elementor-container elementor-column-gap-default\">\n\t\t\t\t\t<div class=\"elementor-column elementor-col-100 elementor-top-column elementor-element elementor-element-93b4804\" data-id=\"93b4804\" data-element_type=\"column\">\n\t\t\t<div class=\"elementor-widget-wrap elementor-element-populated\">\n\t\t\t\t\t\t<div class=\"elementor-element elementor-element-e82fdac elementor-widget elementor-widget-text-editor\" data-id=\"e82fdac\" data-element_type=\"widget\" data-widget_type=\"text-editor.default\">\n\t\t\t\t<div class=\"elementor-widget-container\">\n\t\t\t\t\t\t\t<h1>10\u20ac et On y va !\u00a0<\/h1>\n<p class=\"has-text-align-center\">une <strong>version en ligne payante <\/strong>a \u00e9t\u00e9 mise en place suite\u00a0\u00e0 de nombreuses demandes de personnes n\u2019ayant <strong>plus de lecteur DVD<\/strong>.<\/p>\n<p>Donc ! C\u2019est un achat du film en ligne et \u00e0 visionner en streaming uniquement sur <strong>vimeo<\/strong>.<\/p>\n<p>Apr\u00e8s le payement vous allez re\u00e7evoir un \u00e9mail de confirmation.<br \/>L\u2019\u00e9mail est envoy\u00e9 manuellement par David apr\u00e8s r\u00e9ception du payement. (pr\u00e9voir un d\u00e9lais de quelques heures)<br \/><strong><br \/>Cet \u00e9mail contiendra un lien et un mot de passe pour visionner le film<\/strong>.<\/p>\n<p>Le film est en 1080p. Tourn\u00e9 en Fran\u00e7ais et en anglais, sous-titr\u00e9 fran\u00e7ais. <br \/>Possibilit\u00e9 de visionner \u00e0 la demande le film en VF sous-titr\u00e9e anglais pour les parties Fran\u00e7aises.<\/p>\n<p>Si vous voulez payer par ch\u00e8que, ou acheter le film en VOSTAnglais\u00a0<a href=\"#contact\"><strong>contactez moi<\/strong><\/a><\/p>\t\t\t\t\t\t<\/div>\n\t\t\t\t<\/div>\n\t\t\t\t<div class=\"elementor-element elementor-element-b941fec elementor-widget-divider--view-line elementor-widget elementor-widget-divider\" data-id=\"b941fec\" data-element_type=\"widget\" data-widget_type=\"divider.default\">\n\t\t\t\t<div class=\"elementor-widget-container\">\n\t\t\t\t\t<div class=\"elementor-divider\">\n\t\t\t<span class=\"elementor-divider-separator\">\n\t\t\t\t\t\t<\/span>\n\t\t<\/div>\n\t\t\t\t<\/div>\n\t\t\t\t<\/div>\n\t\t\t\t<div class=\"elementor-element elementor-element-a75a9d1 elementor-widget elementor-widget-image\" data-id=\"a75a9d1\" data-element_type=\"widget\" data-widget_type=\"image.default\">\n\t\t\t\t<div class=\"elementor-widget-container\">\n\t\t\t\t\t\t\t\t\t\t\t\t\t<img decoding=\"async\" width=\"300\" height=\"300\" src=\"https:\/\/davidbasso.com\/diesel\/wp-content\/uploads\/2022\/10\/diesel-300x300.png\" class=\"attachment-medium size-medium wp-image-12149\" alt=\"affiche documentaire diesel\" srcset=\"https:\/\/davidbasso.com\/diesel\/wp-content\/uploads\/2022\/10\/diesel-300x300.png 300w, https:\/\/davidbasso.com\/diesel\/wp-content\/uploads\/2022\/10\/diesel-100x100.png 100w, https:\/\/davidbasso.com\/diesel\/wp-content\/uploads\/2022\/10\/diesel-600x600.png 600w, https:\/\/davidbasso.com\/diesel\/wp-content\/uploads\/2022\/10\/diesel-150x150.png 150w, https:\/\/davidbasso.com\/diesel\/wp-content\/uploads\/2022\/10\/diesel-768x768.png 768w, https:\/\/davidbasso.com\/diesel\/wp-content\/uploads\/2022\/10\/diesel.png 1000w\" sizes=\"(max-width: 300px) 100vw, 300px\" \/>\t\t\t\t\t\t\t\t\t\t\t\t\t<\/div>\n\t\t\t\t<\/div>\n\t\t\t\t<section class=\"elementor-section elementor-inner-section elementor-element elementor-element-2651146 elementor-section-boxed elementor-section-height-default elementor-section-height-default wpr-particle-no wpr-jarallax-no wpr-parallax-no wpr-sticky-section-no\" data-id=\"2651146\" data-element_type=\"section\">\n\t\t\t\t\t\t<div class=\"elementor-container elementor-column-gap-default\">\n\t\t\t\t\t<div class=\"elementor-column elementor-col-33 elementor-inner-column elementor-element elementor-element-86868fa\" data-id=\"86868fa\" data-element_type=\"column\">\n\t\t\t<div class=\"elementor-widget-wrap\">\n\t\t\t\t\t\t\t<\/div>\n\t\t<\/div>\n\t\t\t\t<div class=\"elementor-column elementor-col-33 elementor-inner-column elementor-element elementor-element-64b7166\" data-id=\"64b7166\" data-element_type=\"column\">\n\t\t\t<div class=\"elementor-widget-wrap elementor-element-populated\">\n\t\t\t\t\t\t<div class=\"elementor-element elementor-element-438eb7a elementor-widget elementor-widget-heading\" data-id=\"438eb7a\" data-element_type=\"widget\" data-widget_type=\"heading.default\">\n\t\t\t\t<div class=\"elementor-widget-container\">\n\t\t\t<h2 class=\"elementor-heading-title elementor-size-default\">Diesel en streaming<\/h2>\t\t<\/div>\n\t\t\t\t<\/div>\n\t\t\t\t<div class=\"elementor-element elementor-element-5e0f167 elementor-widget elementor-widget-text-editor\" data-id=\"5e0f167\" data-element_type=\"widget\" data-widget_type=\"text-editor.default\">\n\t\t\t\t<div class=\"elementor-widget-container\">\n\t\t\t\t\t\t\t<form action=\"https:\/\/www.paypal.com\/cgi-bin\/webscr\" method=\"post\" target=\"_top\"><input name=\"cmd\" type=\"hidden\" value=\"_s-xclick\" \/> <input name=\"hosted_button_id\" type=\"hidden\" value=\"FHH5S8D5LFSZ8\" \/> <input alt=\"PayPal, le r\u00e9flexe s\u00e9curit\u00e9 pour payer en ligne\" name=\"submit\" src=\"https:\/\/www.paypalobjects.com\/en_US\/i\/btn\/btn_buynowCC_LG.gif\" type=\"image\" \/> <img decoding=\"async\" src=\"https:\/\/www.paypalobjects.com\/fr_FR\/i\/scr\/pixel.gif\" alt=\"\" width=\"1\" height=\"1\" border=\"0\" \/><\/form>\t\t\t\t\t\t<\/div>\n\t\t\t\t<\/div>\n\t\t\t\t\t<\/div>\n\t\t<\/div>\n\t\t\t\t<div class=\"elementor-column elementor-col-33 elementor-inner-column elementor-element elementor-element-bbac43e\" data-id=\"bbac43e\" data-element_type=\"column\">\n\t\t\t<div class=\"elementor-widget-wrap\">\n\t\t\t\t\t\t\t<\/div>\n\t\t<\/div>\n\t\t\t\t\t<\/div>\n\t\t<\/section>\n\t\t\t\t<div class=\"elementor-element elementor-element-69fea27 elementor-widget elementor-widget-spacer\" data-id=\"69fea27\" data-element_type=\"widget\" data-widget_type=\"spacer.default\">\n\t\t\t\t<div class=\"elementor-widget-container\">\n\t\t\t\t\t<div class=\"elementor-spacer\">\n\t\t\t<div class=\"elementor-spacer-inner\"><\/div>\n\t\t<\/div>\n\t\t\t\t<\/div>\n\t\t\t\t<\/div>\n\t\t\t\t<div class=\"elementor-element elementor-element-ec6f4c5 elementor-widget elementor-widget-text-editor\" data-id=\"ec6f4c5\" data-element_type=\"widget\" data-widget_type=\"text-editor.default\">\n\t\t\t\t<div class=\"elementor-widget-container\">\n\t\t\t\t\t\t\t<h1>Le casting<\/h1>\n<p class=\"has-text-align-center\"><em>avec en interviews les membres de <\/em><br \/><br \/>UNCOMMONMENFROMMARS<br \/>FOREST POOKY \/ THE POOKIES<br \/>FAT MIKE \/ NOFX<br \/>BURNING HEADS<br \/>AGAINST ME!<br \/>DIDIER WAMPAS<br \/>GUERILLA POUBELLE<br \/>FRANK TURNER<br \/>BAD RELIGION<br \/>ISP<br \/>THE REBEL ASSHOLES<br \/>PETER BLACK \/ THE HARD-ONS <br \/>KEPI \/ GROOVIE GHOULIES<br \/>FLYING DONUTS<br \/>MINOR THREAT<br \/>THE FLATLINERS<br \/>TEENAGE BOTTLE ROCKET<br \/>NASTY SAMY \/ THE BLACK ZOMBIE PROCESSION<br \/>FANNY DX \/ MON AUTRE GROUPE<br \/>GREG LARAIGNE \/ HATEFULMONDAY<br \/>FACE TO FACE<br \/>LES SHERIFF<\/p>\n<p class=\"has-text-align-center\"><em>et \u00e9galement <\/em>\u2028<br \/>\u2028<br \/>STEPHANE SAUNIER (CANAL +),\u2028<br \/>MATHIEU PINAUD (PIAS)\u2028<br \/>FRANK FREJNIK (ANCIEN JOURNALISTE \u00c0 ROCKSOUND)\u2028<\/p>\n<p class=\"has-text-align-center\">OLIVIER PORTNOI (PUNKRAWK MAG) <br \/>ST\u00c9PHANE CUPILLARD (KICKING RECORDS)<br \/>FABIEN HEIN (SOCIOLOGUE) <br \/>MELAYNE SEITOUNG (SOCIOLOGUE \/ FANZINEUR)<\/p>\t\t\t\t\t\t<\/div>\n\t\t\t\t<\/div>\n\t\t\t\t<div class=\"elementor-element elementor-element-fb22721 elementor-widget elementor-widget-spacer\" data-id=\"fb22721\" data-element_type=\"widget\" data-widget_type=\"spacer.default\">\n\t\t\t\t<div class=\"elementor-widget-container\">\n\t\t\t\t\t<div class=\"elementor-spacer\">\n\t\t\t<div class=\"elementor-spacer-inner\"><\/div>\n\t\t<\/div>\n\t\t\t\t<\/div>\n\t\t\t\t<\/div>\n\t\t\t\t<div class=\"elementor-element elementor-element-6fe8345 elementor-widget elementor-widget-image\" data-id=\"6fe8345\" data-element_type=\"widget\" data-widget_type=\"image.default\">\n\t\t\t\t<div class=\"elementor-widget-container\">\n\t\t\t\t\t\t\t\t\t\t\t\t\t<img loading=\"lazy\" decoding=\"async\" width=\"1920\" height=\"1080\" src=\"https:\/\/davidbasso.com\/diesel\/wp-content\/uploads\/2022\/10\/diesel-presse-promo-19.jpg\" class=\"attachment-full size-full wp-image-12349\" alt=\"uncommonmenfrommars diesel\" srcset=\"https:\/\/davidbasso.com\/diesel\/wp-content\/uploads\/2022\/10\/diesel-presse-promo-19.jpg 1920w, https:\/\/davidbasso.com\/diesel\/wp-content\/uploads\/2022\/10\/diesel-presse-promo-19-1000x563.jpg 1000w, https:\/\/davidbasso.com\/diesel\/wp-content\/uploads\/2022\/10\/diesel-presse-promo-19-300x169.jpg 300w, https:\/\/davidbasso.com\/diesel\/wp-content\/uploads\/2022\/10\/diesel-presse-promo-19-1024x576.jpg 1024w, https:\/\/davidbasso.com\/diesel\/wp-content\/uploads\/2022\/10\/diesel-presse-promo-19-768x432.jpg 768w, https:\/\/davidbasso.com\/diesel\/wp-content\/uploads\/2022\/10\/diesel-presse-promo-19-1536x864.jpg 1536w, https:\/\/davidbasso.com\/diesel\/wp-content\/uploads\/2022\/10\/diesel-presse-promo-19-1320x743.jpg 1320w\" sizes=\"(max-width: 1920px) 100vw, 1920px\" \/>\t\t\t\t\t\t\t\t\t\t\t\t\t<\/div>\n\t\t\t\t<\/div>\n\t\t\t\t\t<\/div>\n\t\t<\/div>\n\t\t\t\t\t<\/div>\n\t\t<\/section>\n\t\t\t\t<section class=\"elementor-section elementor-top-section elementor-element elementor-element-107793b elementor-section-boxed elementor-section-height-default elementor-section-height-default wpr-particle-no wpr-jarallax-no wpr-parallax-no wpr-sticky-section-no\" data-id=\"107793b\" data-element_type=\"section\">\n\t\t\t\t\t\t<div class=\"elementor-container elementor-column-gap-default\">\n\t\t\t\t\t<div class=\"elementor-column elementor-col-100 elementor-top-column elementor-element elementor-element-96bf96c\" data-id=\"96bf96c\" data-element_type=\"column\">\n\t\t\t<div class=\"elementor-widget-wrap elementor-element-populated\">\n\t\t\t\t\t\t<div class=\"elementor-element elementor-element-093dc12 elementor-widget elementor-widget-video\" data-id=\"093dc12\" data-element_type=\"widget\" data-settings=\"{&quot;youtube_url&quot;:&quot;https:\\\/\\\/youtu.be\\\/8lQIzfids7k&quot;,&quot;video_type&quot;:&quot;youtube&quot;,&quot;controls&quot;:&quot;yes&quot;}\" data-widget_type=\"video.default\">\n\t\t\t\t<div class=\"elementor-widget-container\">\n\t\t\t\t\t<div class=\"elementor-wrapper elementor-open-inline\">\n\t\t\t<div class=\"elementor-video\"><\/div>\t\t<\/div>\n\t\t\t\t<\/div>\n\t\t\t\t<\/div>\n\t\t\t\t\t<\/div>\n\t\t<\/div>\n\t\t\t\t\t<\/div>\n\t\t<\/section>\n\t\t\t\t<section class=\"elementor-section elementor-top-section elementor-element elementor-element-b02d722 elementor-section-boxed elementor-section-height-default elementor-section-height-default wpr-particle-no wpr-jarallax-no wpr-parallax-no wpr-sticky-section-no\" data-id=\"b02d722\" data-element_type=\"section\">\n\t\t\t\t\t\t<div class=\"elementor-container elementor-column-gap-default\">\n\t\t\t\t\t<div class=\"elementor-column elementor-col-100 elementor-top-column elementor-element elementor-element-cf97e0d\" data-id=\"cf97e0d\" data-element_type=\"column\">\n\t\t\t<div class=\"elementor-widget-wrap elementor-element-populated\">\n\t\t\t\t\t\t<div class=\"elementor-element elementor-element-122cfd3 elementor-widget elementor-widget-image\" data-id=\"122cfd3\" data-element_type=\"widget\" data-widget_type=\"image.default\">\n\t\t\t\t<div class=\"elementor-widget-container\">\n\t\t\t\t\t\t\t\t\t\t\t\t\t<img loading=\"lazy\" decoding=\"async\" width=\"575\" height=\"539\" src=\"https:\/\/davidbasso.com\/diesel\/wp-content\/uploads\/2022\/10\/diesel-DVD.jpg\" class=\"attachment-large size-large wp-image-49\" alt=\"Diesel un film documentaire de David BASSO en dvd\" srcset=\"https:\/\/davidbasso.com\/diesel\/wp-content\/uploads\/2022\/10\/diesel-DVD.jpg 575w, https:\/\/davidbasso.com\/diesel\/wp-content\/uploads\/2022\/10\/diesel-DVD-300x281.jpg 300w, https:\/\/davidbasso.com\/diesel\/wp-content\/uploads\/2022\/10\/diesel-DVD-530x497.jpg 530w\" sizes=\"(max-width: 575px) 100vw, 575px\" \/>\t\t\t\t\t\t\t\t\t\t\t\t\t<\/div>\n\t\t\t\t<\/div>\n\t\t\t\t<div class=\"elementor-element elementor-element-b87afe6 elementor-button-info elementor-align-center elementor-invisible elementor-widget elementor-widget-button\" data-id=\"b87afe6\" data-element_type=\"widget\" data-settings=\"{&quot;_animation&quot;:&quot;slideInUp&quot;}\" data-widget_type=\"button.default\">\n\t\t\t\t<div class=\"elementor-widget-container\">\n\t\t\t\t\t<div class=\"elementor-button-wrapper\">\n\t\t\t<a class=\"elementor-button elementor-button-link elementor-size-xs\" href=\"https:\/\/davidbasso.com\/diesel\/categorie-produit\/dvd\/\">\n\t\t\t\t\t\t<span class=\"elementor-button-content-wrapper\">\n\t\t\t\t\t\t<span class=\"elementor-button-icon\">\n\t\t\t\t<i aria-hidden=\"true\" class=\"fas fa-shopping-basket\"><\/i>\t\t\t<\/span>\n\t\t\t\t\t\t\t\t\t<span class=\"elementor-button-text\">Diesel en DVD<\/span>\n\t\t\t\t\t<\/span>\n\t\t\t\t\t<\/a>\n\t\t<\/div>\n\t\t\t\t<\/div>\n\t\t\t\t<\/div>\n\t\t\t\t\t<\/div>\n\t\t<\/div>\n\t\t\t\t\t<\/div>\n\t\t<\/section>\n\t\t\t\t<section class=\"elementor-section elementor-top-section elementor-element elementor-element-b7f8c46 elementor-section-boxed elementor-section-height-default elementor-section-height-default wpr-particle-no wpr-jarallax-no wpr-parallax-no wpr-sticky-section-no\" data-id=\"b7f8c46\" data-element_type=\"section\" id=\"contact\">\n\t\t\t\t\t\t<div class=\"elementor-container elementor-column-gap-default\">\n\t\t\t\t\t<div class=\"elementor-column elementor-col-100 elementor-top-column elementor-element elementor-element-1ab8af9\" data-id=\"1ab8af9\" data-element_type=\"column\">\n\t\t\t<div class=\"elementor-widget-wrap elementor-element-populated\">\n\t\t\t\t\t\t<div class=\"elementor-element elementor-element-03645a1 elementor-widget elementor-widget-wpforms\" data-id=\"03645a1\" data-element_type=\"widget\" data-widget_type=\"wpforms.default\">\n\t\t\t\t<div class=\"elementor-widget-container\">\n\t\t\t<div class=\"wpforms-container wpforms-container-full\" id=\"wpforms-9481\"><form id=\"wpforms-form-9481\" class=\"wpforms-validate wpforms-form\" data-formid=\"9481\" method=\"post\" enctype=\"multipart\/form-data\" action=\"\/diesel\/wp-json\/wp\/v2\/pages\/12373\" data-token=\"bdb65b45cdb444d89eb0ba72c5d91909\" data-token-time=\"1775670079\"><noscript class=\"wpforms-error-noscript\">Veuillez activer JavaScript dans votre navigateur pour remplir ce formulaire.<\/noscript><div class=\"wpforms-field-container\"><div id=\"wpforms-9481-field_2-container\" class=\"wpforms-field wpforms-field-name contact\" data-field-id=\"2\"><label class=\"wpforms-field-label\" for=\"wpforms-9481-field_2\">Vous <span class=\"wpforms-required-label\">*<\/span><\/label><div class=\"wpforms-field-row wpforms-field-large\"><div class=\"wpforms-field-row-block wpforms-first wpforms-one-half\"><input type=\"text\" id=\"wpforms-9481-field_2\" class=\"wpforms-field-name-first wpforms-field-required\" name=\"wpforms[fields][2][first]\" required><label for=\"wpforms-9481-field_2\" class=\"wpforms-field-sublabel after\">Pr\u00e9nom<\/label><\/div><div class=\"wpforms-field-row-block wpforms-one-half\"><input type=\"text\" id=\"wpforms-9481-field_2-last\" class=\"wpforms-field-name-last wpforms-field-required\" name=\"wpforms[fields][2][last]\" required><label for=\"wpforms-9481-field_2-last\" class=\"wpforms-field-sublabel after\">Nom<\/label><\/div><\/div><\/div><div id=\"wpforms-9481-field_1-container\" class=\"wpforms-field wpforms-field-email\" data-field-id=\"1\"><label class=\"wpforms-field-label\" for=\"wpforms-9481-field_1\">Email <span class=\"wpforms-required-label\">*<\/span><\/label><input type=\"email\" id=\"wpforms-9481-field_1\" class=\"wpforms-field-large wpforms-field-required\" name=\"wpforms[fields][1]\" spellcheck=\"false\" required><\/div><div id=\"wpforms-9481-field_0-container\" class=\"wpforms-field wpforms-field-textarea\" data-field-id=\"0\"><label class=\"wpforms-field-label\" for=\"wpforms-9481-field_0\">Message<\/label><textarea id=\"wpforms-9481-field_0\" class=\"wpforms-field-large\" name=\"wpforms[fields][0]\" ><\/textarea><\/div><\/div><!-- .wpforms-field-container --><div class=\"wpforms-field wpforms-field-hp\"><label for=\"wpforms-9481-field-hp\" class=\"wpforms-field-label\">Phone<\/label><input type=\"text\" name=\"wpforms[hp]\" id=\"wpforms-9481-field-hp\" class=\"wpforms-field-medium\"><\/div><div class=\"wpforms-recaptcha-container wpforms-is-recaptcha wpforms-is-recaptcha-type-v2\" ><div class=\"g-recaptcha\" data-sitekey=\"6Leg-p0iAAAAAJ1FZwlmPf5yKJ5GojHP2ya9sj31\"><\/div><input type=\"text\" name=\"g-recaptcha-hidden\" class=\"wpforms-recaptcha-hidden\" style=\"position:absolute!important;clip:rect(0,0,0,0)!important;height:1px!important;width:1px!important;border:0!important;overflow:hidden!important;padding:0!important;margin:0!important;\" data-rule-recaptcha=\"1\"><\/div><div class=\"wpforms-submit-container\" ><input type=\"hidden\" name=\"wpforms[id]\" value=\"9481\"><input type=\"hidden\" name=\"page_title\" value=\"\"><input type=\"hidden\" name=\"page_url\" value=\"https:\/\/davidbasso.com\/diesel\/wp-json\/wp\/v2\/pages\/12373\"><button type=\"submit\" name=\"wpforms[submit]\" id=\"wpforms-submit-9481\" class=\"wpforms-submit\" data-alt-text=\"Merci pour votre envoi.\" data-submit-text=\"Envoyer\" aria-live=\"assertive\" value=\"wpforms-submit\">Envoyer<\/button><\/div><\/form><\/div>  <!-- .wpforms-container -->\t\t<\/div>\n\t\t\t\t<\/div>\n\t\t\t\t\t<\/div>\n\t\t<\/div>\n\t\t\t\t\t<\/div>\n\t\t<\/section>\n\t\t\t\t<section class=\"elementor-section elementor-top-section elementor-element elementor-element-88574aa elementor-section-boxed elementor-section-height-default elementor-section-height-default wpr-particle-no wpr-jarallax-no wpr-parallax-no wpr-sticky-section-no\" data-id=\"88574aa\" data-element_type=\"section\">\n\t\t\t\t\t\t<div class=\"elementor-container elementor-column-gap-default\">\n\t\t\t\t\t<div class=\"elementor-column elementor-col-100 elementor-top-column elementor-element elementor-element-276d288\" data-id=\"276d288\" data-element_type=\"column\">\n\t\t\t<div class=\"elementor-widget-wrap\">\n\t\t\t\t\t\t\t<\/div>\n\t\t<\/div>\n\t\t\t\t\t<\/div>\n\t\t<\/section>\n\t\t\t\t<\/div>\n\t\t","protected":false},"excerpt":{"rendered":"<p>Le film Diesel (en streaming)\u00a0est disponible \u00e0 l&rsquo;achat sur vimeo.&hellip;<\/p>\n<p> <a class=\"more-link\" href=\"https:\/\/davidbasso.com\/diesel\/diesel-en-streaming\/\">Lire la suite<\/a><\/p>\n","protected":false},"author":1,"featured_media":12374,"parent":0,"menu_order":0,"comment_status":"closed","ping_status":"closed","template":"elementor_header_footer","meta":{"_monsterinsights_skip_tracking":false,"_monsterinsights_sitenote_active":false,"_monsterinsights_sitenote_note":"","_monsterinsights_sitenote_category":0,"footnotes":""},"class_list":["post-12373","page","type-page","status-publish","has-post-thumbnail"],"aioseo_notices":[],"jetpack_sharing_enabled":true,"_links":{"self":[{"href":"https:\/\/davidbasso.com\/diesel\/wp-json\/wp\/v2\/pages\/12373","targetHints":{"allow":["GET"]}}],"collection":[{"href":"https:\/\/davidbasso.com\/diesel\/wp-json\/wp\/v2\/pages"}],"about":[{"href":"https:\/\/davidbasso.com\/diesel\/wp-json\/wp\/v2\/types\/page"}],"author":[{"embeddable":true,"href":"https:\/\/davidbasso.com\/diesel\/wp-json\/wp\/v2\/users\/1"}],"replies":[{"embeddable":true,"href":"https:\/\/davidbasso.com\/diesel\/wp-json\/wp\/v2\/comments?post=12373"}],"version-history":[{"count":46,"href":"https:\/\/davidbasso.com\/diesel\/wp-json\/wp\/v2\/pages\/12373\/revisions"}],"predecessor-version":[{"id":13592,"href":"https:\/\/davidbasso.com\/diesel\/wp-json\/wp\/v2\/pages\/12373\/revisions\/13592"}],"wp:featuredmedia":[{"embeddable":true,"href":"https:\/\/davidbasso.com\/diesel\/wp-json\/wp\/v2\/media\/12374"}],"wp:attachment":[{"href":"https:\/\/davidbasso.com\/diesel\/wp-json\/wp\/v2\/media?parent=12373"}],"curies":[{"name":"wp","href":"https:\/\/api.w.org\/{rel}","templated":true}]}}