{"id":13491,"date":"2022-12-12T21:00:58","date_gmt":"2022-12-12T20:00:58","guid":{"rendered":"https:\/\/davidbasso.com\/diesel\/?post_type=product&#038;p=13491"},"modified":"2024-11-17T14:21:41","modified_gmt":"2024-11-17T13:21:41","slug":"uncommonmenfrommars-la-louviere-agrandissement-ou-poster","status":"publish","type":"product","link":"https:\/\/davidbasso.com\/diesel\/produit\/uncommonmenfrommars-la-louviere-agrandissement-ou-poster\/","title":{"rendered":"Uncommonmenfrommars &#8211; La Louvi\u00e8re &#8211; IMPRESSION PHOTO"},"content":{"rendered":"\t\t<div data-elementor-type=\"wp-post\" data-elementor-id=\"13491\" class=\"elementor elementor-13491\">\n\t\t\t\t\t\t<section class=\"elementor-section elementor-top-section elementor-element elementor-element-5888dad elementor-section-boxed elementor-section-height-default elementor-section-height-default wpr-particle-no wpr-jarallax-no wpr-parallax-no wpr-sticky-section-no\" data-id=\"5888dad\" data-element_type=\"section\">\n\t\t\t\t\t\t<div class=\"elementor-container elementor-column-gap-default\">\n\t\t\t\t\t<div class=\"elementor-column elementor-col-100 elementor-top-column elementor-element elementor-element-998a792\" data-id=\"998a792\" data-element_type=\"column\">\n\t\t\t<div class=\"elementor-widget-wrap elementor-element-populated\">\n\t\t\t\t\t\t<div class=\"elementor-element elementor-element-8d7e229 elementor-widget elementor-widget-text-editor\" data-id=\"8d7e229\" data-element_type=\"widget\" data-widget_type=\"text-editor.default\">\n\t\t\t\t<div class=\"elementor-widget-container\">\n\t\t\t\t\t\t\t<p style=\"text-align: center;\"><span style=\"color: #993300;\"><strong>Lire attentivement<\/strong><\/span> <span style=\"color: #993300;\">:\u00a0<strong>Diff\u00e9rentes options s\u2019offrent \u00e0 vous<\/strong>.<\/span><\/p><p style=\"text-align: center;\"><em><strong>Pr\u00e9voir quelques semaines entre la commande, l\u2019impression, la v\u00e9rification de l\u2019impression et l\u2019expedition chez vous !<\/strong><\/em><\/p><p style=\"text-align: center;\">\u00a0<\/p><p style=\"text-align: center;\">Le papier le plus demand\u00e9 est le\u00a0<strong>papier photo premium<\/strong>, celui qui est propos\u00e9 \u00e0 la vente.<\/p><p>Cependant, pour les passionn\u00e9s de la photographie, je peux \u00e9galement vous proposer d\u2019autres\u00a0<strong>types de papiers<\/strong>, tels que le papier\u00a0<strong>fine art<\/strong>, offrant une texture mate et velout\u00e9e (au toucher, un peu similaire au buvard). De plus, je peux vous sugg\u00e9rer d\u2019<strong>encadrer vos photos par un artisan<\/strong>\u00a0ou de les faire directement coller sur un support en\u00a0<strong>aluminium Dibond<\/strong>\u00a0ou\u00a0<strong>Forex<\/strong>, pr\u00eat \u00e0 \u00eatre\u00a0<strong>accroch\u00e9 au mur<\/strong>\u00a0par mon imprimeur.<\/p><p>Si vous \u00eates int\u00e9ress\u00e9 par un tirage sur papier fine art ou un contre-collage, veuillez passer par le formulaire, on \u00e9changera sur vos envies et je vous enverrai un devis. Cela n\u2019engage \u00e0 rien, le prix de la prestation n\u2019est pas excessif.<\/p>\t\t\t\t\t\t<\/div>\n\t\t\t\t<\/div>\n\t\t\t\t<div class=\"elementor-element elementor-element-ac52ed7 elementor-widget elementor-widget-wpforms\" data-id=\"ac52ed7\" data-element_type=\"widget\" data-widget_type=\"wpforms.default\">\n\t\t\t\t<div class=\"elementor-widget-container\">\n\t\t\t<div class=\"wpforms-container wpforms-container-full\" id=\"wpforms-13903\"><form id=\"wpforms-form-13903\" class=\"wpforms-validate wpforms-form wpforms-ajax-form\" data-formid=\"13903\" method=\"post\" enctype=\"multipart\/form-data\" action=\"\/diesel\/wp-json\/wp\/v2\/product\/13491\" data-token=\"20ee584e5bc9da1a4f0bd8f49ac1c236\" data-token-time=\"1775250632\"><noscript class=\"wpforms-error-noscript\">Veuillez activer JavaScript dans votre navigateur pour remplir ce formulaire.<\/noscript><div class=\"wpforms-field-container\"><div id=\"wpforms-13903-field_0-container\" class=\"wpforms-field wpforms-field-name\" data-field-id=\"0\"><label class=\"wpforms-field-label\" for=\"wpforms-13903-field_0\">Nom <span class=\"wpforms-required-label\">*<\/span><\/label><div class=\"wpforms-field-row wpforms-field-medium\"><div class=\"wpforms-field-row-block wpforms-first wpforms-one-half\"><input type=\"text\" id=\"wpforms-13903-field_0\" class=\"wpforms-field-name-first wpforms-field-required\" name=\"wpforms[fields][0][first]\" required><label for=\"wpforms-13903-field_0\" class=\"wpforms-field-sublabel after\">Pr\u00e9nom<\/label><\/div><div class=\"wpforms-field-row-block wpforms-one-half\"><input type=\"text\" id=\"wpforms-13903-field_0-last\" class=\"wpforms-field-name-last wpforms-field-required\" name=\"wpforms[fields][0][last]\" required><label for=\"wpforms-13903-field_0-last\" class=\"wpforms-field-sublabel after\">Nom<\/label><\/div><\/div><\/div><div id=\"wpforms-13903-field_1-container\" class=\"wpforms-field wpforms-field-email\" data-field-id=\"1\"><label class=\"wpforms-field-label\" for=\"wpforms-13903-field_1\">E-mail <span class=\"wpforms-required-label\">*<\/span><\/label><input type=\"email\" id=\"wpforms-13903-field_1\" class=\"wpforms-field-medium wpforms-field-required\" name=\"wpforms[fields][1]\" spellcheck=\"false\" required><\/div><div id=\"wpforms-13903-field_2-container\" class=\"wpforms-field wpforms-field-textarea\" data-field-id=\"2\"><label class=\"wpforms-field-label\" for=\"wpforms-13903-field_2\">Commentaire ou message<\/label><textarea id=\"wpforms-13903-field_2\" class=\"wpforms-field-medium\" name=\"wpforms[fields][2]\" ><\/textarea><\/div><div id=\"wpforms-13903-field_10-container\" class=\"wpforms-field wpforms-field-text\" data-field-id=\"10\"><label class=\"wpforms-field-label\" for=\"wpforms-13903-field_10\">Nommer la photo de votre choix <span class=\"wpforms-required-label\">*<\/span><\/label><input type=\"text\" id=\"wpforms-13903-field_10\" class=\"wpforms-field-medium wpforms-field-required\" name=\"wpforms[fields][10]\" required><div class=\"wpforms-field-description\">(le formulaire est identique \u00e0 toutes les photos, vous n'avez qu'\u00e0 copier\/coller son nom)<\/div><\/div><div id=\"wpforms-13903-field_3-container\" class=\"wpforms-field wpforms-field-select wpforms-field-select-style-modern\" data-field-id=\"3\"><label class=\"wpforms-field-label\" for=\"wpforms-13903-field_3\">Demande pour une photo en papier fine Art <span class=\"wpforms-required-label\">*<\/span><\/label><select id=\"wpforms-13903-field_3\" class=\"wpforms-field-medium wpforms-field-required choicesjs-select\" data-size-class=\"wpforms-field-row wpforms-field-medium\" data-search-enabled=\"\" name=\"wpforms[fields][3]\" required=\"required\"><option value=\"\" class=\"placeholder\" disabled  selected='selected'>oui<\/option><option value=\"oui\" >oui<\/option><option value=\"non\" >non<\/option><option value=\"autre type d&#039;impression\" >autre type d&#039;impression<\/option><\/select><\/div><div id=\"wpforms-13903-field_7-container\" class=\"wpforms-field wpforms-field-select wpforms-field-select-style-modern\" data-field-id=\"7\"><label class=\"wpforms-field-label\" for=\"wpforms-13903-field_7\">Je souhaite un contre collage sur ma commande actuelle ou \u00e0 venir <span class=\"wpforms-required-label\">*<\/span><\/label><select id=\"wpforms-13903-field_7\" class=\"wpforms-field-medium wpforms-field-required choicesjs-select\" data-size-class=\"wpforms-field-row wpforms-field-medium\" data-search-enabled=\"\" name=\"wpforms[fields][7]\" required=\"required\"><option value=\"\" class=\"placeholder\" disabled  selected='selected'>sur Aluminium Dibon de 3mm d\u2019\u00e9paisseur<\/option><option value=\"sur Aluminium Dibon de 3mm d\u2019\u00e9paisseur\" >sur Aluminium Dibon de 3mm d\u2019\u00e9paisseur<\/option><option value=\"sur Forex de 3mm d\u2019\u00e9paisseur\" >sur Forex de 3mm d\u2019\u00e9paisseur<\/option><option value=\"aucun contre collage\" >aucun contre collage<\/option><\/select><\/div><div id=\"wpforms-13903-field_8-container\" class=\"wpforms-field wpforms-field-select wpforms-field-select-style-modern\" data-field-id=\"8\"><label class=\"wpforms-field-label\" for=\"wpforms-13903-field_8\">Je souhaite faire encadrer ma photo <span class=\"wpforms-required-label\">*<\/span><\/label><select id=\"wpforms-13903-field_8\" class=\"wpforms-field-medium wpforms-field-required choicesjs-select\" data-size-class=\"wpforms-field-row wpforms-field-medium\" data-search-enabled=\"\" name=\"wpforms[fields][8]\" required=\"required\"><option value=\"\" class=\"placeholder\" disabled  selected='selected'>cadre noir avec ou sans passe-partout<\/option><option value=\"cadre noir avec ou sans passe-partout\" >cadre noir avec ou sans passe-partout<\/option><option value=\"caisse am\u00e9ricaine \" >caisse am\u00e9ricaine<\/option><option value=\"aucun encadrement\" >aucun encadrement<\/option><\/select><\/div><\/div><!-- .wpforms-field-container --><div class=\"wpforms-recaptcha-container wpforms-is-recaptcha wpforms-is-recaptcha-type-v2\" ><div class=\"g-recaptcha\" data-sitekey=\"6Leg-p0iAAAAAJ1FZwlmPf5yKJ5GojHP2ya9sj31\"><\/div><input type=\"text\" name=\"g-recaptcha-hidden\" class=\"wpforms-recaptcha-hidden\" style=\"position:absolute!important;clip:rect(0,0,0,0)!important;height:1px!important;width:1px!important;border:0!important;overflow:hidden!important;padding:0!important;margin:0!important;\" data-rule-recaptcha=\"1\"><\/div><div class=\"wpforms-submit-container\" ><input type=\"hidden\" name=\"wpforms[id]\" value=\"13903\"><input type=\"hidden\" name=\"page_title\" value=\"\"><input type=\"hidden\" name=\"page_url\" value=\"https:\/\/davidbasso.com\/diesel\/wp-json\/wp\/v2\/product\/13491\"><button type=\"submit\" name=\"wpforms[submit]\" id=\"wpforms-submit-13903\" class=\"wpforms-submit\" data-alt-text=\"Envoi...\" data-submit-text=\"Envoyer\" aria-live=\"assertive\" value=\"wpforms-submit\">Envoyer<\/button><img decoding=\"async\" src=\"https:\/\/davidbasso.com\/diesel\/wp-content\/plugins\/wpforms-lite\/assets\/images\/submit-spin.svg\" class=\"wpforms-submit-spinner\" style=\"display: none;\" width=\"26\" height=\"26\" alt=\"Chargement en cours\"><\/div><\/form><\/div>  <!-- .wpforms-container -->\t\t<\/div>\n\t\t\t\t<\/div>\n\t\t\t\t<div class=\"elementor-element elementor-element-6ea38a9 elementor-widget elementor-widget-heading\" data-id=\"6ea38a9\" data-element_type=\"widget\" data-widget_type=\"heading.default\">\n\t\t\t\t<div class=\"elementor-widget-container\">\n\t\t\t<h4 class=\"elementor-heading-title elementor-size-default\">Sur cette vid\u00e9o, une impression de Uncommonmenfrommars <br>sur papier premium en 45x60cm et une autre de Trint en 20x30.<\/h4>\t\t<\/div>\n\t\t\t\t<\/div>\n\t\t\t\t<div class=\"elementor-element elementor-element-2818bdd elementor-widget elementor-widget-video\" data-id=\"2818bdd\" data-element_type=\"widget\" data-settings=\"{&quot;youtube_url&quot;:&quot;https:\\\/\\\/youtu.be\\\/V0ke31wa_6I&quot;,&quot;video_type&quot;:&quot;youtube&quot;,&quot;controls&quot;:&quot;yes&quot;}\" data-widget_type=\"video.default\">\n\t\t\t\t<div class=\"elementor-widget-container\">\n\t\t\t\t\t<div class=\"elementor-wrapper elementor-open-inline\">\n\t\t\t<div class=\"elementor-video\"><\/div>\t\t<\/div>\n\t\t\t\t<\/div>\n\t\t\t\t<\/div>\n\t\t\t\t<div class=\"elementor-element elementor-element-74c46a6 elementor-widget elementor-widget-text-editor\" data-id=\"74c46a6\" data-element_type=\"widget\" data-widget_type=\"text-editor.default\">\n\t\t\t\t<div class=\"elementor-widget-container\">\n\t\t\t\t\t\t\t<p>\u00a0<\/p><p style=\"text-align: center;\"><span style=\"font-weight: bold; text-align: center; color: var( --e-global-color-text ); font-family: -apple-system, BlinkMacSystemFont, 'Segoe UI', Roboto, Helvetica, Arial, sans-serif, sans-serif;\">Descriptions des supports :\u00a0<\/span><\/p><p><span style=\"font-weight: bold;\">\u00a0<\/span><\/p><p><span style=\"font-weight: bold;\">Contres-collages sur support ALU DIBON (3mm, bords noirs)<\/span><\/p><p><span style=\"font-weight: bold;\">Dibond<\/span>\u00a0est pour r\u00e9sumer un \u00a0\u00ab Panneaux Composite Aluminium \u00bb. Le Dibond est plus l\u00e9ger que l&rsquo;aluminium, mais il a \u00e9t\u00e9 con\u00e7u de fa\u00e7on \u00e0 garder sa grande rigidit\u00e9 et sa plan\u00e9it\u00e9. Ce mat\u00e9riau est utilis\u00e9 comme support pour le contrecollage de photographies d&rsquo;art et dans la confection de support d&rsquo;affichage pour les salons professionnels. Les photos imprim\u00e9es sur le papier photo de votre choix sont ensuite coll\u00e9es sur Alu-Dibond, ce qui permet de les accrocher directement en \u00ab\u00a0flottement libre\u00a0\u00bb. Les dispositifs d&rsquo;accrochage sont fix\u00e9s \u00e0 l&rsquo;arri\u00e8re du support.<\/p><p><span style=\"font-weight: bold;\">Contres-collages sur support FOREX CARTON MOUSSE (3mm, bords blancs)<\/span><\/p><p>Le Forex est une mati\u00e8re plastique en PVC. En effet, le Forex est souvent utilis\u00e9 sous forme d&rsquo;enseignes ou de panneaux publicitaires de diff\u00e9rentes tailles. Gr\u00e2ce \u00e0 sa polyvalence, on le retrouve \u00e9galement dans la sc\u00e9nographie, la photographie et la d\u00e9coration de magasins. Par exemple, le Forex est utilis\u00e9 pour cr\u00e9er des pr\u00e9sentoirs ou des formes suspendues dans les vitrines.<br \/>Dans ce cas, les photos imprim\u00e9es sur le papier photo de votre choix sont ensuite coll\u00e9es sur du Forex, ce qui permet de les accrocher directement en \u00ab\u00a0flottement libre\u00a0\u00bb. Les dispositifs d&rsquo;accrochage sont fix\u00e9s \u00e0 l&rsquo;arri\u00e8re du support.<\/p>\t\t\t\t\t\t<\/div>\n\t\t\t\t<\/div>\n\t\t\t\t<div class=\"elementor-element elementor-element-c727013 elementor-widget elementor-widget-heading\" data-id=\"c727013\" data-element_type=\"widget\" data-widget_type=\"heading.default\">\n\t\t\t\t<div class=\"elementor-widget-container\">\n\t\t\t<h4 class=\"elementor-heading-title elementor-size-default\">exemple en images ci-dessous, papier photo premium et support Alu Dibon :<\/h4>\t\t<\/div>\n\t\t\t\t<\/div>\n\t\t\t\t<section class=\"elementor-section elementor-inner-section elementor-element elementor-element-c41470e elementor-section-boxed elementor-section-height-default elementor-section-height-default wpr-particle-no wpr-jarallax-no wpr-parallax-no wpr-sticky-section-no\" data-id=\"c41470e\" data-element_type=\"section\">\n\t\t\t\t\t\t<div class=\"elementor-container elementor-column-gap-default\">\n\t\t\t\t\t<div class=\"elementor-column elementor-col-50 elementor-inner-column elementor-element elementor-element-6585d8c\" data-id=\"6585d8c\" data-element_type=\"column\">\n\t\t\t<div class=\"elementor-widget-wrap elementor-element-populated\">\n\t\t\t\t\t\t<div class=\"elementor-element elementor-element-57ac15e elementor-widget elementor-widget-image\" data-id=\"57ac15e\" data-element_type=\"widget\" data-widget_type=\"image.default\">\n\t\t\t\t<div class=\"elementor-widget-container\">\n\t\t\t\t\t\t\t\t\t\t\t\t\t<img fetchpriority=\"high\" decoding=\"async\" width=\"300\" height=\"300\" src=\"https:\/\/davidbasso.com\/diesel\/wp-content\/uploads\/2023\/06\/IMG_7909-300x300.jpg\" class=\"attachment-woocommerce_thumbnail size-woocommerce_thumbnail wp-image-13686\" alt=\"\" srcset=\"https:\/\/davidbasso.com\/diesel\/wp-content\/uploads\/2023\/06\/IMG_7909-300x300.jpg 300w, https:\/\/davidbasso.com\/diesel\/wp-content\/uploads\/2023\/06\/IMG_7909-150x150.jpg 150w, https:\/\/davidbasso.com\/diesel\/wp-content\/uploads\/2023\/06\/IMG_7909-100x100.jpg 100w, https:\/\/davidbasso.com\/diesel\/wp-content\/uploads\/2023\/06\/IMG_7909.jpg 477w\" sizes=\"(max-width: 300px) 100vw, 300px\" \/>\t\t\t\t\t\t\t\t\t\t\t\t\t<\/div>\n\t\t\t\t<\/div>\n\t\t\t\t\t<\/div>\n\t\t<\/div>\n\t\t\t\t<div class=\"elementor-column elementor-col-50 elementor-inner-column elementor-element elementor-element-af405b3\" data-id=\"af405b3\" data-element_type=\"column\">\n\t\t\t<div class=\"elementor-widget-wrap elementor-element-populated\">\n\t\t\t\t\t\t<div class=\"elementor-element elementor-element-6013f93 elementor-widget elementor-widget-image\" data-id=\"6013f93\" data-element_type=\"widget\" data-widget_type=\"image.default\">\n\t\t\t\t<div class=\"elementor-widget-container\">\n\t\t\t\t\t\t\t\t\t\t\t\t\t<img decoding=\"async\" width=\"300\" height=\"300\" src=\"https:\/\/davidbasso.com\/diesel\/wp-content\/uploads\/2023\/06\/IMG_7911-300x300.jpg\" class=\"attachment-woocommerce_thumbnail size-woocommerce_thumbnail wp-image-13687\" alt=\"\" srcset=\"https:\/\/davidbasso.com\/diesel\/wp-content\/uploads\/2023\/06\/IMG_7911-300x300.jpg 300w, https:\/\/davidbasso.com\/diesel\/wp-content\/uploads\/2023\/06\/IMG_7911-150x150.jpg 150w, https:\/\/davidbasso.com\/diesel\/wp-content\/uploads\/2023\/06\/IMG_7911-100x100.jpg 100w, https:\/\/davidbasso.com\/diesel\/wp-content\/uploads\/2023\/06\/IMG_7911.jpg 421w\" sizes=\"(max-width: 300px) 100vw, 300px\" \/>\t\t\t\t\t\t\t\t\t\t\t\t\t<\/div>\n\t\t\t\t<\/div>\n\t\t\t\t\t<\/div>\n\t\t<\/div>\n\t\t\t\t\t<\/div>\n\t\t<\/section>\n\t\t\t\t<div class=\"elementor-element elementor-element-8851508 elementor-widget elementor-widget-text-editor\" data-id=\"8851508\" data-element_type=\"widget\" data-widget_type=\"text-editor.default\">\n\t\t\t\t<div class=\"elementor-widget-container\">\n\t\t\t\t\t\t\t<p style=\"text-align: center;\"><strong>Si vous voulez une autre taille d&rsquo;impression ou un autre support (encadrement, caisse am\u00e9ricaine) passez par le formulaire, ci-dessus.<\/strong><\/p>\t\t\t\t\t\t<\/div>\n\t\t\t\t<\/div>\n\t\t\t\t<section class=\"elementor-section elementor-inner-section elementor-element elementor-element-e9cc860 elementor-section-boxed elementor-section-height-default elementor-section-height-default wpr-particle-no wpr-jarallax-no wpr-parallax-no wpr-sticky-section-no\" data-id=\"e9cc860\" data-element_type=\"section\">\n\t\t\t\t\t\t<div class=\"elementor-container elementor-column-gap-default\">\n\t\t\t\t\t<div class=\"elementor-column elementor-col-50 elementor-inner-column elementor-element elementor-element-4bf9665\" data-id=\"4bf9665\" data-element_type=\"column\">\n\t\t\t<div class=\"elementor-widget-wrap elementor-element-populated\">\n\t\t\t\t\t\t<div class=\"elementor-element elementor-element-5f8e91f elementor-widget elementor-widget-text-editor\" data-id=\"5f8e91f\" data-element_type=\"widget\" data-widget_type=\"text-editor.default\">\n\t\t\t\t<div class=\"elementor-widget-container\">\n\t\t\t\t\t\t\t<p><span style=\"font-weight: bold;\">Et pour allez plus loin avec Diesel :<\/span><\/p><p>D\u00e9couvrez le film\u00a0<a href=\"https:\/\/davidbasso.com\/diesel\/diesel-en-double-dvd\/\">Diesel<\/a>\u00a0!<\/p><p>Et si vous d\u00e9couvre cette page par hasard, d\u00e9couvrez\u00a0\u00a0<a href=\"https:\/\/www.youtube.com\/watch?v=8lQIzfids7k\" target=\"_blank\" rel=\"noopener\">La bande annonce\u00a0<\/a>du film.<\/p><p>Vous pouvez\u00a0<a href=\"https:\/\/davidbasso.com\/diesel\/diesel-en-streaming\/\">achetez le film en streaming\u00a0<\/a>ou bien\u00a0<a href=\"https:\/\/davidbasso.com\/diesel\/produit\/dvd-du-film-diesel\/\" target=\"_blank\" rel=\"noopener\" data-wplink-edit=\"true\">achetez le double DVD<\/a><\/p>\t\t\t\t\t\t<\/div>\n\t\t\t\t<\/div>\n\t\t\t\t<div class=\"elementor-element elementor-element-fabfefd elementor-widget elementor-widget-video\" data-id=\"fabfefd\" data-element_type=\"widget\" data-settings=\"{&quot;youtube_url&quot;:&quot;https:\\\/\\\/youtu.be\\\/8lQIzfids7k&quot;,&quot;video_type&quot;:&quot;youtube&quot;,&quot;controls&quot;:&quot;yes&quot;}\" data-widget_type=\"video.default\">\n\t\t\t\t<div class=\"elementor-widget-container\">\n\t\t\t\t\t<div class=\"elementor-wrapper elementor-open-inline\">\n\t\t\t<div class=\"elementor-video\"><\/div>\t\t<\/div>\n\t\t\t\t<\/div>\n\t\t\t\t<\/div>\n\t\t\t\t\t<\/div>\n\t\t<\/div>\n\t\t\t\t<div class=\"elementor-column elementor-col-50 elementor-inner-column elementor-element elementor-element-7e2783b\" data-id=\"7e2783b\" data-element_type=\"column\">\n\t\t\t<div class=\"elementor-widget-wrap elementor-element-populated\">\n\t\t\t\t\t\t<div class=\"elementor-element elementor-element-13fbad2 elementor-widget elementor-widget-spacer\" data-id=\"13fbad2\" data-element_type=\"widget\" data-widget_type=\"spacer.default\">\n\t\t\t\t<div class=\"elementor-widget-container\">\n\t\t\t\t\t<div class=\"elementor-spacer\">\n\t\t\t<div class=\"elementor-spacer-inner\"><\/div>\n\t\t<\/div>\n\t\t\t\t<\/div>\n\t\t\t\t<\/div>\n\t\t\t\t<div class=\"elementor-element elementor-element-d5265d7 elementor-widget elementor-widget-image\" data-id=\"d5265d7\" data-element_type=\"widget\" data-widget_type=\"image.default\">\n\t\t\t\t<div class=\"elementor-widget-container\">\n\t\t\t\t\t\t\t\t\t\t\t\t\t\t<a href=\"https:\/\/davidbasso.com\/diesel\/produit\/dvd-du-film-diesel\/\">\n\t\t\t\t\t\t\t<img loading=\"lazy\" decoding=\"async\" width=\"575\" height=\"539\" src=\"https:\/\/davidbasso.com\/diesel\/wp-content\/uploads\/2022\/10\/diesel-DVD.jpg\" class=\"attachment-large size-large wp-image-49\" alt=\"Diesel un film documentaire de David BASSO en dvd\" srcset=\"https:\/\/davidbasso.com\/diesel\/wp-content\/uploads\/2022\/10\/diesel-DVD.jpg 575w, https:\/\/davidbasso.com\/diesel\/wp-content\/uploads\/2022\/10\/diesel-DVD-300x281.jpg 300w, https:\/\/davidbasso.com\/diesel\/wp-content\/uploads\/2022\/10\/diesel-DVD-530x497.jpg 530w\" sizes=\"(max-width: 575px) 100vw, 575px\" \/>\t\t\t\t\t\t\t\t<\/a>\n\t\t\t\t\t\t\t\t\t\t\t\t\t<\/div>\n\t\t\t\t<\/div>\n\t\t\t\t\t<\/div>\n\t\t<\/div>\n\t\t\t\t\t<\/div>\n\t\t<\/section>\n\t\t\t\t\t<\/div>\n\t\t<\/div>\n\t\t\t\t\t<\/div>\n\t\t<\/section>\n\t\t\t\t<\/div>\n\t\t","protected":false},"excerpt":{"rendered":"<p><strong>Photo d&rsquo;art :<\/strong> Uncommonmenfrommars en Belgique \u00e0 La Louvi\u00e8re en ao\u00fbt 2013 \u00a9David Basso<\/p>\n<p><strong>Tirage photo :<\/strong> Agrandissement sur papier photo premium.<br \/>\nPossibilit\u00e9 d\u2019impression et contre collage sur Alu dibon ou Forex carton mousse sur demande avec le formulaire ci-dessous.<\/p>\n<p> <a class=\"more-link\" href=\"https:\/\/davidbasso.com\/diesel\/produit\/uncommonmenfrommars-la-louviere-agrandissement-ou-poster\/\">Lire la suite<\/a><\/p>","protected":false},"featured_media":13507,"comment_status":"open","ping_status":"closed","template":"","meta":{"_monsterinsights_skip_tracking":false,"_monsterinsights_sitenote_active":false,"_monsterinsights_sitenote_note":"","_monsterinsights_sitenote_category":0},"product_brand":[],"product_cat":[18],"product_tag":[153,102],"class_list":{"0":"post-13491","1":"product","2":"type-product","3":"status-publish","4":"has-post-thumbnail","6":"product_cat-tirage-photo","7":"product_tag-impression-format-2-x-3","8":"product_tag-uncommonmenfrommars","10":"first","11":"instock","12":"taxable","13":"shipping-taxable","14":"purchasable","15":"product-type-variable"},"aioseo_notices":[],"jetpack_sharing_enabled":true,"_links":{"self":[{"href":"https:\/\/davidbasso.com\/diesel\/wp-json\/wp\/v2\/product\/13491","targetHints":{"allow":["GET"]}}],"collection":[{"href":"https:\/\/davidbasso.com\/diesel\/wp-json\/wp\/v2\/product"}],"about":[{"href":"https:\/\/davidbasso.com\/diesel\/wp-json\/wp\/v2\/types\/product"}],"replies":[{"embeddable":true,"href":"https:\/\/davidbasso.com\/diesel\/wp-json\/wp\/v2\/comments?post=13491"}],"version-history":[{"count":7,"href":"https:\/\/davidbasso.com\/diesel\/wp-json\/wp\/v2\/product\/13491\/revisions"}],"predecessor-version":[{"id":14824,"href":"https:\/\/davidbasso.com\/diesel\/wp-json\/wp\/v2\/product\/13491\/revisions\/14824"}],"wp:featuredmedia":[{"embeddable":true,"href":"https:\/\/davidbasso.com\/diesel\/wp-json\/wp\/v2\/media\/13507"}],"wp:attachment":[{"href":"https:\/\/davidbasso.com\/diesel\/wp-json\/wp\/v2\/media?parent=13491"}],"wp:term":[{"taxonomy":"product_brand","embeddable":true,"href":"https:\/\/davidbasso.com\/diesel\/wp-json\/wp\/v2\/product_brand?post=13491"},{"taxonomy":"product_cat","embeddable":true,"href":"https:\/\/davidbasso.com\/diesel\/wp-json\/wp\/v2\/product_cat?post=13491"},{"taxonomy":"product_tag","embeddable":true,"href":"https:\/\/davidbasso.com\/diesel\/wp-json\/wp\/v2\/product_tag?post=13491"}],"curies":[{"name":"wp","href":"https:\/\/api.w.org\/{rel}","templated":true}]}}