{"id":14206,"date":"2023-11-10T21:16:06","date_gmt":"2023-11-10T20:16:06","guid":{"rendered":"https:\/\/davidbasso.com\/diesel\/?post_type=product&#038;p=14206"},"modified":"2025-12-13T22:50:48","modified_gmt":"2025-12-13T21:50:48","slug":"sweat-a-capuche-zippe-hoodie","status":"publish","type":"product","link":"https:\/\/davidbasso.com\/diesel\/produit\/sweat-a-capuche-zippe-hoodie\/","title":{"rendered":"Sweat \u00e0 capuche zipp\u00e9 &#8211; Hoodie"},"content":{"rendered":"","protected":false},"excerpt":{"rendered":"<p><strong>Sweat \u00e0 capuche, zipp\u00e9 &#8211;\u00a0 Black unisex (zoodie)<\/strong><\/p>\n<p>On se connait en vrai ? tu as envie d\u2019\u00e9conomiser sur les frais de ports ?\u00a0<a href=\"mailto:bassodavid@yahoo.fr\">Contact moi c\u2019est simple.<\/a><\/p>\n<p> <a class=\"more-link\" href=\"https:\/\/davidbasso.com\/diesel\/produit\/sweat-a-capuche-zippe-hoodie\/\">Lire la suite<\/a><\/p>","protected":false},"featured_media":14221,"comment_status":"open","ping_status":"closed","template":"","meta":{"_monsterinsights_skip_tracking":false,"_monsterinsights_sitenote_active":false,"_monsterinsights_sitenote_note":"","_monsterinsights_sitenote_category":0},"product_brand":[],"product_cat":[16],"product_tag":[177,165],"class_list":{"0":"post-14206","1":"product","2":"type-product","3":"status-publish","4":"has-post-thumbnail","6":"product_cat-fringues","7":"product_tag-artwork-by-roxane-rastrelli","8":"product_tag-zoodie","10":"first","11":"instock","12":"taxable","13":"shipping-taxable","14":"purchasable","15":"product-type-variable"},"aioseo_notices":[],"jetpack_sharing_enabled":true,"_links":{"self":[{"href":"https:\/\/davidbasso.com\/diesel\/wp-json\/wp\/v2\/product\/14206","targetHints":{"allow":["GET"]}}],"collection":[{"href":"https:\/\/davidbasso.com\/diesel\/wp-json\/wp\/v2\/product"}],"about":[{"href":"https:\/\/davidbasso.com\/diesel\/wp-json\/wp\/v2\/types\/product"}],"replies":[{"embeddable":true,"href":"https:\/\/davidbasso.com\/diesel\/wp-json\/wp\/v2\/comments?post=14206"}],"version-history":[{"count":9,"href":"https:\/\/davidbasso.com\/diesel\/wp-json\/wp\/v2\/product\/14206\/revisions"}],"predecessor-version":[{"id":14235,"href":"https:\/\/davidbasso.com\/diesel\/wp-json\/wp\/v2\/product\/14206\/revisions\/14235"}],"wp:featuredmedia":[{"embeddable":true,"href":"https:\/\/davidbasso.com\/diesel\/wp-json\/wp\/v2\/media\/14221"}],"wp:attachment":[{"href":"https:\/\/davidbasso.com\/diesel\/wp-json\/wp\/v2\/media?parent=14206"}],"wp:term":[{"taxonomy":"product_brand","embeddable":true,"href":"https:\/\/davidbasso.com\/diesel\/wp-json\/wp\/v2\/product_brand?post=14206"},{"taxonomy":"product_cat","embeddable":true,"href":"https:\/\/davidbasso.com\/diesel\/wp-json\/wp\/v2\/product_cat?post=14206"},{"taxonomy":"product_tag","embeddable":true,"href":"https:\/\/davidbasso.com\/diesel\/wp-json\/wp\/v2\/product_tag?post=14206"}],"curies":[{"name":"wp","href":"https:\/\/api.w.org\/{rel}","templated":true}]}}