{"id":14240,"date":"2023-11-15T10:06:40","date_gmt":"2023-11-15T09:06:40","guid":{"rendered":"https:\/\/davidbasso.com\/diesel\/?post_type=product&#038;p=14240"},"modified":"2025-12-12T16:41:42","modified_gmt":"2025-12-12T15:41:42","slug":"hoodie-epais-double-capuche","status":"publish","type":"product","link":"https:\/\/davidbasso.com\/diesel\/produit\/hoodie-epais-double-capuche\/","title":{"rendered":"Hoodie \u00c9pais &#8211; Double Capuche"},"content":{"rendered":"<p class=\"p1\"><b>zoodie \u00e9pais &#8211; capuche double en tissu avec un int\u00e9rieur gaufr\u00e9 gris chin\u00e9 pour un max de confort<\/b><\/p>\n","protected":false},"excerpt":{"rendered":"<p class=\"p1\"><b>Zoodie \u00e9pais &#8211; Double capuche en tissu avec un int\u00e9rieur gaufr\u00e9 gris chin\u00e9<\/b><b> pour un max de confort<\/b><\/p>\n<p>On se connait en vrai ? tu as envie d&rsquo;\u00e9conomiser sur les frais de ports ? <a href=\"mailto:bassodavid@yahoo.fr\">Contact moi c&rsquo;est simple.<\/a><\/p>\n<p> <a class=\"more-link\" href=\"https:\/\/davidbasso.com\/diesel\/produit\/hoodie-epais-double-capuche\/\">Lire la suite<\/a><\/p>","protected":false},"featured_media":14243,"comment_status":"open","ping_status":"closed","template":"","meta":{"_monsterinsights_skip_tracking":false,"_monsterinsights_sitenote_active":false,"_monsterinsights_sitenote_note":"","_monsterinsights_sitenote_category":0},"product_brand":[],"product_cat":[16],"product_tag":[177,77],"class_list":{"0":"post-14240","1":"product","2":"type-product","3":"status-publish","4":"has-post-thumbnail","6":"product_cat-fringues","7":"product_tag-artwork-by-roxane-rastrelli","8":"product_tag-hoodies","10":"first","11":"instock","12":"sale","13":"taxable","14":"shipping-taxable","15":"purchasable","16":"product-type-variable"},"aioseo_notices":[],"jetpack_sharing_enabled":true,"_links":{"self":[{"href":"https:\/\/davidbasso.com\/diesel\/wp-json\/wp\/v2\/product\/14240","targetHints":{"allow":["GET"]}}],"collection":[{"href":"https:\/\/davidbasso.com\/diesel\/wp-json\/wp\/v2\/product"}],"about":[{"href":"https:\/\/davidbasso.com\/diesel\/wp-json\/wp\/v2\/types\/product"}],"replies":[{"embeddable":true,"href":"https:\/\/davidbasso.com\/diesel\/wp-json\/wp\/v2\/comments?post=14240"}],"version-history":[{"count":10,"href":"https:\/\/davidbasso.com\/diesel\/wp-json\/wp\/v2\/product\/14240\/revisions"}],"predecessor-version":[{"id":14463,"href":"https:\/\/davidbasso.com\/diesel\/wp-json\/wp\/v2\/product\/14240\/revisions\/14463"}],"wp:featuredmedia":[{"embeddable":true,"href":"https:\/\/davidbasso.com\/diesel\/wp-json\/wp\/v2\/media\/14243"}],"wp:attachment":[{"href":"https:\/\/davidbasso.com\/diesel\/wp-json\/wp\/v2\/media?parent=14240"}],"wp:term":[{"taxonomy":"product_brand","embeddable":true,"href":"https:\/\/davidbasso.com\/diesel\/wp-json\/wp\/v2\/product_brand?post=14240"},{"taxonomy":"product_cat","embeddable":true,"href":"https:\/\/davidbasso.com\/diesel\/wp-json\/wp\/v2\/product_cat?post=14240"},{"taxonomy":"product_tag","embeddable":true,"href":"https:\/\/davidbasso.com\/diesel\/wp-json\/wp\/v2\/product_tag?post=14240"}],"curies":[{"name":"wp","href":"https:\/\/api.w.org\/{rel}","templated":true}]}}