{"id":21,"date":"2022-10-04T14:53:16","date_gmt":"2022-10-04T12:53:16","guid":{"rendered":"https:\/\/davidbasso.com\/diesel\/?post_type=product&#038;p=21"},"modified":"2026-03-01T16:52:30","modified_gmt":"2026-03-01T15:52:30","slug":"pack-dvd-b-o-affiche-ebook-streaming","status":"publish","type":"product","link":"https:\/\/davidbasso.com\/diesel\/produit\/pack-dvd-b-o-affiche-ebook-streaming\/","title":{"rendered":"Pack : DVD + B.O + Affiche + EBook + Streaming"},"content":{"rendered":"<p>++ Pour ceux qui veulent un DVD d\u00e9dicac\u00e9 par le r\u00e9alisateur pr\u00e9cisez le lors de la validation de commande dans notes ++<\/p>\n","protected":false},"excerpt":{"rendered":"<p><strong>Le pack DVD Diesel \u00e0 35\u20ac contient : <\/strong><\/p>\n<p>le double DVD<br \/>\n+ l&rsquo;affiche du film (40&#215;60 cm)<br \/>\n+ la B.O en streaming ou \u00e0 t\u00e9l\u00e9charger\u00a0 (35 morceaux)<br \/>\n+ le E-Book (PDF) du film \u00e0 t\u00e9l\u00e9charger<br \/>\n+ le lien en streaming Full HD<\/p>\n<p><strong>Contenu du double DVD Digipack :<\/strong><br \/>\nDVD 1 : le film (95minutes) + commentaires audio, clip in\u00e9dit de ISP &amp; lives in\u00e9dits (35 minutes)<br \/>\nDVD 2 : le documentaire exclusif\u00a0 compl\u00e9mentaire \u00e0 Diesel \u00ab\u00a0Le grand Mix\u00a0\u00bb (49 minutes) + les lives sessions (27 minutes) +\u00a0 les sc\u00e8nes coup\u00e9es (12 minutes) + lives in\u00e9dits (39 minutes)<\/p>\n<p> <a class=\"more-link\" href=\"https:\/\/davidbasso.com\/diesel\/produit\/pack-dvd-b-o-affiche-ebook-streaming\/\">Lire la suite<\/a><\/p>","protected":false},"featured_media":13313,"comment_status":"open","ping_status":"closed","template":"","meta":{"_monsterinsights_skip_tracking":false,"_monsterinsights_sitenote_active":false,"_monsterinsights_sitenote_note":"","_monsterinsights_sitenote_category":0},"product_brand":[],"product_cat":[23],"product_tag":[125,124,103,24,97,127,122,128,102],"class_list":{"0":"post-21","1":"product","2":"type-product","3":"status-publish","4":"has-post-thumbnail","6":"product_cat-dvd","7":"product_tag-against-me","8":"product_tag-bad-religion","9":"product_tag-burning-heads","10":"product_tag-dvd","11":"product_tag-forest-pooky","12":"product_tag-frank-turner","13":"product_tag-nofx","14":"product_tag-teenage-bottle-rocket","15":"product_tag-uncommonmenfrommars","17":"first","18":"instock","19":"taxable","20":"shipping-taxable","21":"purchasable","22":"product-type-simple"},"aioseo_notices":[],"jetpack_sharing_enabled":true,"_links":{"self":[{"href":"https:\/\/davidbasso.com\/diesel\/wp-json\/wp\/v2\/product\/21","targetHints":{"allow":["GET"]}}],"collection":[{"href":"https:\/\/davidbasso.com\/diesel\/wp-json\/wp\/v2\/product"}],"about":[{"href":"https:\/\/davidbasso.com\/diesel\/wp-json\/wp\/v2\/types\/product"}],"replies":[{"embeddable":true,"href":"https:\/\/davidbasso.com\/diesel\/wp-json\/wp\/v2\/comments?post=21"}],"version-history":[{"count":2,"href":"https:\/\/davidbasso.com\/diesel\/wp-json\/wp\/v2\/product\/21\/revisions"}],"predecessor-version":[{"id":13624,"href":"https:\/\/davidbasso.com\/diesel\/wp-json\/wp\/v2\/product\/21\/revisions\/13624"}],"wp:featuredmedia":[{"embeddable":true,"href":"https:\/\/davidbasso.com\/diesel\/wp-json\/wp\/v2\/media\/13313"}],"wp:attachment":[{"href":"https:\/\/davidbasso.com\/diesel\/wp-json\/wp\/v2\/media?parent=21"}],"wp:term":[{"taxonomy":"product_brand","embeddable":true,"href":"https:\/\/davidbasso.com\/diesel\/wp-json\/wp\/v2\/product_brand?post=21"},{"taxonomy":"product_cat","embeddable":true,"href":"https:\/\/davidbasso.com\/diesel\/wp-json\/wp\/v2\/product_cat?post=21"},{"taxonomy":"product_tag","embeddable":true,"href":"https:\/\/davidbasso.com\/diesel\/wp-json\/wp\/v2\/product_tag?post=21"}],"curies":[{"name":"wp","href":"https:\/\/api.w.org\/{rel}","templated":true}]}}