{"id":41,"date":"2022-10-04T14:53:19","date_gmt":"2022-10-04T12:53:19","guid":{"rendered":"https:\/\/davidbasso.com\/diesel\/?post_type=product&#038;p=41"},"modified":"2025-04-05T14:51:15","modified_gmt":"2025-04-05T12:51:15","slug":"les-clips-de-david-basso-vol-1-the-directors-cut","status":"publish","type":"product","link":"https:\/\/davidbasso.com\/diesel\/produit\/les-clips-de-david-basso-vol-1-the-directors-cut\/","title":{"rendered":"Les clips de David BASSO vol 1 &#8211; The Director&rsquo;s cut"},"content":{"rendered":"<p>r\u00e9approvisionnement !<\/p>\n<p>&nbsp;<\/p>\n<p>++ Pour ceux qui veulent un DVD d\u00e9dicac\u00e9 par le r\u00e9alisateur pr\u00e9cisez le lors de la validation de commande dans notes ++<\/p>\n<p>Pour la premi\u00e8re fois en DVD, tout le travail de DAVID BASSO r\u00e9alis\u00e9 pour la sc\u00e8ne punk rock entre 2003 et 2013.<\/p>\n<p>Des clips de UNCOMMONMENFROMMARS, DEAD POP CLUB, THE POOKIES, SONS OF BUDDHA, BUBBLIES, BILLY GAZ STATION, HATEFUL MONDAY, BAD CHICKENS, FOREST POOKY, FLYING DONUTS, GREG LARAIGNE, DIRTY FONZY et bien d&rsquo;autres&#8230; mais \u00e9galement des LIVES rares ou in\u00e9dits, des EPKs, des reportages, les b\u00eatisiers de DANCE HALL RIPPERS (The Pookies), de FREAKS AND GEEKS (Dead pop Club) ou de LULLABIES (Forest Pooky) ainsi que de nombreux bonus cach\u00e9s et m\u00eame un clip in\u00e9dit de THE POOKIES enregistr\u00e9 avant leur split (une reprise de SWAD).<\/p>\n<p>Le livre de 100 pages contient des photos de tournages, de concerts, de tourn\u00e9es et des interviews des groupes et de THOMAS VDB, la conception des clips analys\u00e9e et d\u00e9cortiqu\u00e9e, toutes les astuces pour re-faire ces clips avec du carton et du fils de p\u00eache dans ta cave&#8230;<\/p>\n<p>C&rsquo;est tous les jours No\u00ebl gr\u00e2ce au label\u00a0 KICKING RECORDS&#8230;<\/p>\n","protected":false},"excerpt":{"rendered":"<p>r\u00e9approvisionnement ! &nbsp; ++ Pour ceux qui veulent un DVD&hellip;<\/p>\n<p> <a class=\"more-link\" href=\"https:\/\/davidbasso.com\/diesel\/produit\/les-clips-de-david-basso-vol-1-the-directors-cut\/\">Lire la suite<\/a><\/p>\n","protected":false},"featured_media":73,"comment_status":"open","ping_status":"closed","template":"","meta":{"_monsterinsights_skip_tracking":false,"_monsterinsights_sitenote_active":false,"_monsterinsights_sitenote_note":"","_monsterinsights_sitenote_category":0},"product_brand":[],"product_cat":[23],"product_tag":[24],"class_list":{"0":"post-41","1":"product","2":"type-product","3":"status-publish","4":"has-post-thumbnail","6":"product_cat-dvd","7":"product_tag-dvd","9":"first","10":"instock","11":"taxable","12":"shipping-taxable","13":"purchasable","14":"product-type-simple"},"aioseo_notices":[],"jetpack_sharing_enabled":true,"_links":{"self":[{"href":"https:\/\/davidbasso.com\/diesel\/wp-json\/wp\/v2\/product\/41","targetHints":{"allow":["GET"]}}],"collection":[{"href":"https:\/\/davidbasso.com\/diesel\/wp-json\/wp\/v2\/product"}],"about":[{"href":"https:\/\/davidbasso.com\/diesel\/wp-json\/wp\/v2\/types\/product"}],"replies":[{"embeddable":true,"href":"https:\/\/davidbasso.com\/diesel\/wp-json\/wp\/v2\/comments?post=41"}],"version-history":[{"count":7,"href":"https:\/\/davidbasso.com\/diesel\/wp-json\/wp\/v2\/product\/41\/revisions"}],"predecessor-version":[{"id":14922,"href":"https:\/\/davidbasso.com\/diesel\/wp-json\/wp\/v2\/product\/41\/revisions\/14922"}],"wp:featuredmedia":[{"embeddable":true,"href":"https:\/\/davidbasso.com\/diesel\/wp-json\/wp\/v2\/media\/73"}],"wp:attachment":[{"href":"https:\/\/davidbasso.com\/diesel\/wp-json\/wp\/v2\/media?parent=41"}],"wp:term":[{"taxonomy":"product_brand","embeddable":true,"href":"https:\/\/davidbasso.com\/diesel\/wp-json\/wp\/v2\/product_brand?post=41"},{"taxonomy":"product_cat","embeddable":true,"href":"https:\/\/davidbasso.com\/diesel\/wp-json\/wp\/v2\/product_cat?post=41"},{"taxonomy":"product_tag","embeddable":true,"href":"https:\/\/davidbasso.com\/diesel\/wp-json\/wp\/v2\/product_tag?post=41"}],"curies":[{"name":"wp","href":"https:\/\/api.w.org\/{rel}","templated":true}]}}