{"id":2251,"date":"2021-07-22T13:55:19","date_gmt":"2021-07-22T11:55:19","guid":{"rendered":"http:\/\/davidbasso.com\/welcome\/?page_id=2251"},"modified":"2023-12-16T15:06:37","modified_gmt":"2023-12-16T14:06:37","slug":"video-2","status":"publish","type":"page","link":"https:\/\/davidbasso.com\/welcome\/video-2\/","title":{"rendered":"vid\u00e9o"},"content":{"rendered":"<p>[vc_row cth_layout=\u00a0\u00bbinshot_page_sec\u00a0\u00bb][vc_column][inshot_section_title title_text=\u00a0\u00bbR\u00e9alisateur ind\u00e9pendant \u00e0 l&rsquo;\u00e9coute\u00a0\u00bb subtitle_text=\u00a0\u00bbLorem Ipsum generators on the Internet tend to repeat king this the first true generator .\u00a0\u00bb][\/inshot_section_title][vc_column_text css_animation=\u00a0\u00bbfadeInLeft\u00a0\u00bb]<span id=\"p0\">Je r\u00e9alise tout type de projets audiovisuels.<br \/>\nJ&rsquo;ai commenc\u00e9 \u00e0 \u00ab\u00a0filmer la musique\u00a0\u00bb et parall\u00e8lement \u00e0 cet univers cr\u00e9atif j&rsquo;ai r\u00e9alis\u00e9 des films pour des entreprises, des documentaires, des reportages et des fictions.<\/span>[\/vc_column_text][\/vc_column][\/vc_row][vc_row cth_layout=\u00a0\u00bbinshot_page_sec\u00a0\u00bb no_padding=\u00a0\u00bbyes\u00a0\u00bb css=\u00a0\u00bb.vc_custom_1500705362771{padding-bottom: 60px !important;}\u00a0\u00bb][vc_column width=\u00a0\u00bb1\/2&Prime; offset=\u00a0\u00bbvc_col-md-3 vc_col-xs-6&Prime;][inshot_counter number=\u00a0\u00bb24&Prime;]<\/p>\n<h6>ann\u00e9es d&rsquo;experiences<\/h6>\n<p>[\/inshot_counter][\/vc_column][vc_column width=\u00a0\u00bb1\/2&Prime; offset=\u00a0\u00bbvc_col-md-3 vc_col-xs-6&Prime;][inshot_counter number=\u00a0\u00bb300&Prime;]<\/p>\n<h6>Films r\u00e9alis\u00e9, ou alors presque&#8230;<\/h6>\n<p>[\/inshot_counter][\/vc_column][vc_column width=\u00a0\u00bb1\/2&Prime; offset=\u00a0\u00bbvc_col-md-3 vc_col-xs-6&Prime;][inshot_counter number=\u00a0\u00bb999999&Prime; is_last=\u00a0\u00bbyes\u00a0\u00bb]<\/p>\n<h6>Heures de montage<\/h6>\n<p>[\/inshot_counter][\/vc_column][\/vc_row][vc_row cth_layout=\u00a0\u00bbinshot_page_sec\u00a0\u00bb][vc_column][inshot_section_title title_text=\u00a0\u00bbMes comp\u00e9tences :\u00a0\u00bb subtitle_text=\u00a0\u00bbLorem Ipsum generators on the Internet tend to repeat king this the first true generator .\u00a0\u00bb]<\/p>\n<p><strong><span id=\"p1\"><span id=\"13\" class=\"s-or-t\">Clips<\/span> musicaux<\/span><\/strong><\/p>\n<p><span id=\"p3\"><strong><span id=\"22\" class=\"s-bl-t\">EPK \/ Teasers<\/span><\/strong>\u00a0<span id=\"p2\">(musique et th\u00e9\u00e2tre)<\/span><\/span><\/p>\n<p><strong><span id=\"p4\">Documentaires<\/span><\/strong><\/p>\n<p><strong><span id=\"p5\">Films \u00e9v\u00e9nementiels<\/span><\/strong><\/p>\n<p><strong><span id=\"p6\">Films pour les entreprises &amp; associations<\/span><\/strong><\/p>\n<p><strong><span id=\"p7\">Films\u00a0<span id=\"24\" class=\"s-rg-t\">corpotates<\/span><\/span><\/strong><\/p>\n<p><span id=\"p8\"><strong>Spectacles mont\u00e9s et\u00a0<span id=\"25\" class=\"s-ve-t\">diffus\u00e9<\/span>\u00a0en direct sur le web ou en diff\u00e9r\u00e9<\/strong>.<\/span><\/p>\n<p>[\/inshot_section_title][vc_column_text]<\/p>\n<p><span id=\"p9\">Je me suis professionnalis\u00e9 en 2004 en\u00a0r\u00e9alisant mon\u00a0second clip pour\u00a0<span id=\"26\" class=\"s-rg-t\">Uncommonmenfrommars<\/span>.<\/span><span id=\"p10\">\u00a0Suite \u00e0 cette\u00a0exp\u00e9rience, je\u00a0signais un contrat avec leur maison de\u00a0disques\u00a0de l\u2019\u00e9poque Wagram\u00a0<span id=\"16\">music<\/span>\u00a0pour r\u00e9aliser un double DVD incluant un concert de\u00a0<span id=\"17\">1h30<\/span>\u00a0film\u00e9 a 6 cam\u00e9ras, un documentaire de\u00a0<span id=\"18\">1h20<\/span>\u00a0et des dizaines de bonus vid\u00e9o, jusqu\u2019aux menus\u00a0des\u00a0<span id=\"20\">dvd<\/span>\u00a0film\u00e9s en\u00a0<span id=\"21\">super8<\/span>.<\/span><\/p>\n<p>[\/vc_column_text][vc_column_text]<\/p>\n<p>Je suis ind\u00e9pendant \u00e0 mon compte depuis 2004, mais je travaille \u00e9galement pour d&rsquo;autres soci\u00e9t\u00e9s de productions, partenaires ou agences.<\/p>\n<p>[\/vc_column_text][inshot_section_title title_text=\u00a0\u00bbMon activit\u00e9 professionnelle sur une ann\u00e9e\u00a0\u00bb subtitle_text=\u00a0\u00bbLorem Ipsum generators on the Internet tend to repeat king this the first true generator .\u00a0\u00bb][\/inshot_section_title][inshot_skills values=\u00a0\u00bb%5B%7B%22label%22%3A%22VID%C3%89O%22%2C%22value%22%3A%2235%22%7D%2C%7B%22label%22%3A%22M%C3%89DIATION%22%2C%22value%22%3A%2225%22%7D%2C%7B%22label%22%3A%22PHOTO%22%2C%22value%22%3A%2225%22%7D%2C%7B%22label%22%3A%22GRAPHISME%20et%20WEB%22%2C%22value%22%3A%2215%22%7D%5D\u00a0\u00bb][\/vc_column][\/vc_row][vc_row cth_layout=\u00a0\u00bbinshot_page_sec\u00a0\u00bb][vc_column][inshot_section_title title_text=\u00a0\u00bbEn +\u00a0\u00bb subtitle_text=\u00a0\u00bbLorem Ipsum generators on the Internet tend to repeat king this the first true generator .\u00a0\u00bb][\/inshot_section_title][vc_column_text][\/vc_column_text][vc_row_inner][vc_column_inner width=\u00a0\u00bb1\/2&Prime;][inshot_service ser_title=\u00a0\u00bbBandes D\u00e9mo\u00a0\u00bb ser_img=\u00a0\u00bb3503&Prime; ser_price=\u00a0\u00bb\u00a0\u00bb]<\/p>\n<p style=\"text-align: left;\">SHOWREEL<br \/>\nclips<br \/>\nVoici un aper\u00e7u de 32 clips ( sur 35) que j\u2019ai r\u00e9alis\u00e9 entre 2018 et 2022.<\/p>\n<p style=\"text-align: left;\"><strong><a href=\"https:\/\/www.youtube.com\/watch?v=fJh4F54plBY\" target=\"_blank\" rel=\"noopener\">Voir la bande d\u00e9mo<\/a><\/strong><\/p>\n<p>[\/inshot_service][inshot_service ser_title=\u00a0\u00bbBandes D\u00e9mo\u00a0\u00bb ser_img=\u00a0\u00bb2556&Prime; ser_price=\u00a0\u00bb\u00a0\u00bb]<\/p>\n<p style=\"text-align: left;\">SHOWREEL<br \/>\n\u00e9v\u00e9nementiels &amp; entreprises<\/p>\n<p style=\"text-align: left;\"><strong><a href=\"https:\/\/www.youtube.com\/watch?v=kU32qJhIeTg\" target=\"_blank\" rel=\"noopener\">Voir la bande d\u00e9mo<\/a><\/strong><\/p>\n<p>[\/inshot_service][\/vc_column_inner][vc_column_inner width=\u00a0\u00bb1\/2&Prime;][inshot_service ser_title=\u00a0\u00bbBandes D\u00e9mo\u00a0\u00bb ser_img=\u00a0\u00bb3296&Prime; ser_price=\u00a0\u00bb\u00a0\u00bb]<\/p>\n<p style=\"text-align: left;\">SHOWREEL<br \/>\nconcerts<\/p>\n<p style=\"text-align: left;\"><strong><a href=\"https:\/\/www.youtube.com\/watch?v=HhGBnif6o94&amp;t=1s\" target=\"_blank\" rel=\"noopener\">Voir la bande d\u00e9mo<\/a><\/strong><\/p>\n<p>[\/inshot_service][\/vc_column_inner][\/vc_row_inner][\/vc_column][\/vc_row][vc_row cth_layout=\u00a0\u00bbinshot_page_sec\u00a0\u00bb][vc_column][\/vc_column][\/vc_row]<\/p>\n","protected":false},"excerpt":{"rendered":"<p>[vc_row cth_layout=\u00a0\u00bbinshot_page_sec\u00a0\u00bb][vc_column][inshot_section_title title_text=\u00a0\u00bbR\u00e9alisateur ind\u00e9pendant \u00e0 l&rsquo;\u00e9coute\u00a0\u00bb subtitle_text=\u00a0\u00bbLorem Ipsum generators on the Internet tend to repeat king this the first true generator .\u00a0\u00bb][\/inshot_section_title][vc_column_text css_animation=\u00a0\u00bbfadeInLeft\u00a0\u00bb]Je r\u00e9alise tout type de projets audiovisuels. J&rsquo;ai commenc\u00e9 \u00e0 \u00ab\u00a0filmer la musique\u00a0\u00bb et parall\u00e8lement \u00e0 cet univers cr\u00e9atif j&rsquo;ai r\u00e9alis\u00e9 des films pour des entreprises, des documentaires, des reportages et des fictions.[\/vc_column_text][\/vc_column][\/vc_row][vc_row &hellip; <\/p>\n","protected":false},"author":1,"featured_media":2247,"parent":0,"menu_order":0,"comment_status":"closed","ping_status":"closed","template":"page-column-grid.php","meta":{"content-type":"","om_disable_all_campaigns":false,"_monsterinsights_skip_tracking":false,"_monsterinsights_sitenote_active":false,"_monsterinsights_sitenote_note":"","_monsterinsights_sitenote_category":0,"_uf_show_specific_survey":0,"_uf_disable_surveys":false,"footnotes":""},"class_list":["post-2251","page","type-page","status-publish","has-post-thumbnail","hentry"],"aioseo_notices":[],"_links":{"self":[{"href":"https:\/\/davidbasso.com\/welcome\/wp-json\/wp\/v2\/pages\/2251","targetHints":{"allow":["GET"]}}],"collection":[{"href":"https:\/\/davidbasso.com\/welcome\/wp-json\/wp\/v2\/pages"}],"about":[{"href":"https:\/\/davidbasso.com\/welcome\/wp-json\/wp\/v2\/types\/page"}],"author":[{"embeddable":true,"href":"https:\/\/davidbasso.com\/welcome\/wp-json\/wp\/v2\/users\/1"}],"replies":[{"embeddable":true,"href":"https:\/\/davidbasso.com\/welcome\/wp-json\/wp\/v2\/comments?post=2251"}],"version-history":[{"count":47,"href":"https:\/\/davidbasso.com\/welcome\/wp-json\/wp\/v2\/pages\/2251\/revisions"}],"predecessor-version":[{"id":2558,"href":"https:\/\/davidbasso.com\/welcome\/wp-json\/wp\/v2\/pages\/2251\/revisions\/2558"}],"wp:featuredmedia":[{"embeddable":true,"href":"https:\/\/davidbasso.com\/welcome\/wp-json\/wp\/v2\/media\/2247"}],"wp:attachment":[{"href":"https:\/\/davidbasso.com\/welcome\/wp-json\/wp\/v2\/media?parent=2251"}],"curies":[{"name":"wp","href":"https:\/\/api.w.org\/{rel}","templated":true}]}}