{"id":2294,"date":"2021-07-22T16:17:34","date_gmt":"2021-07-22T14:17:34","guid":{"rendered":"http:\/\/davidbasso.com\/welcome\/?page_id=2294"},"modified":"2025-10-06T20:30:21","modified_gmt":"2025-10-06T18:30:21","slug":"photographe","status":"publish","type":"page","link":"https:\/\/davidbasso.com\/welcome\/photographe\/","title":{"rendered":"Photographe"},"content":{"rendered":"<p>[vc_row parallax=\u00a0\u00bbcontent-moving-fade\u00a0\u00bb cth_layout=\u00a0\u00bbinshot_homefullheight_sec\u00a0\u00bb is_fullwidth=\u00a0\u00bbwide\u00a0\u00bb overlay_color=\u00a0\u00bb#ffffff\u00a0\u00bb parallax_inner=\u00a0\u00bb2587&Prime; el_class=\u00a0\u00bbbg-fixed\u00a0\u00bb css=\u00a0\u00bb.vc_custom_1628451390485{background-color: #ffffff !important;}\u00a0\u00bb][vc_column offset=\u00a0\u00bbvc_col-md-6&Prime; css=\u00a0\u00bb.vc_custom_1628451363567{padding-top: 160px !important;background-color: #ffffff !important;}\u00a0\u00bb][vc_column_text css_animation=\u00a0\u00bbfadeInRight\u00a0\u00bb el_class=\u00a0\u00bbtransaparent-text\u00a0\u00bb css=\u00a0\u00bb.vc_custom_1759775416813{background-color: #ffffff !important;}\u00a0\u00bb]<\/p>\n<h2><span style=\"color: #000000;\">Bienvenue chez moi !<\/span><\/h2>\n<p class=\"font_8\"><span style=\"color: #000000;\">J&rsquo;ai d\u00e9but\u00e9 la photo en argentique compl\u00e8tement autodidacte avec un Minolta SRT101, toujours sur moi ou dans le sac \u00e0 dos. Et c\u2019est en 2004 que j&rsquo;ai franchi le cap du num\u00e9rique pour travailler dans la presse musicale professionnellement. Je r\u00e9alisais des reportages photo ou des live report sur Paris pour <a style=\"color: #000000;\" href=\"https:\/\/www.facebook.com\/PUNK-RAWK-267269873985888\/\" target=\"_blank\" rel=\"noopener\"><strong>Punk Rawk Magasine<\/strong><\/a> et Rock Sound.<\/span><\/p>\n<p><span style=\"color: #000000;\">J&rsquo;ai pos\u00e9 mes focales et mes sofboxs entre Valence, Malissard et Mont\u00e9limar dans le Dr\u00f4me, mais je peux vous rejoindre dans le monde entier pour une photo de vous \ud83d\ude09<\/span><\/p>\n<p><span style=\"color: #000000;\"><strong>Mes sp\u00e9cialit\u00e9s : <\/strong><\/span><\/p>\n<p><span style=\"color: #000000;\">\u2013 <strong>Reportages photos<\/strong> pour les entreprise : <\/span><a href=\"https:\/\/davidbasso.com\/welcome\/index.php\/portfolio\/portfolio-reportages\/\"><span style=\"color: #ff9900;\"><strong>voir le portfolio<\/strong><\/span><\/a><br \/>\n<span style=\"color: #000000;\">\u2013 <strong>Portraits<\/strong> sur lieux de travail ou pour particuliers : <span style=\"color: #ff9900;\"><strong><a style=\"color: #ff9900;\" href=\"https:\/\/davidbasso.com\/welcome\/index.php\/portfolio\/portfolio-portraits\/\">voir le <span style=\"color: #ff9900;\">portfolio<\/span><\/a><\/strong><\/span><\/span><br \/>\n<span style=\"color: #000000;\">\u2013 Photos d\u2019objets, <strong>pack shot<\/strong> pour E-boutique : <a href=\"https:\/\/davidbasso.com\/welcome\/index.php\/portfolio\/photos-darticles\/\"><span style=\"color: #ff9900;\"><strong>voir le portfolio<\/strong><\/span><\/a><\/span><br \/>\n<span style=\"color: #000000;\">\u2013 Photos de <strong>concert : <\/strong><span style=\"color: #ff9900;\"><a style=\"color: #ff9900;\" href=\"https:\/\/davidbasso.com\/welcome\/index.php\/portfolio\/portfolio-concert\/\"><strong>voir le portfolio<\/strong><\/a><\/span><strong><br \/>\n\u2013 <\/strong>Portfolio de groupes :\u00a0<a href=\"https:\/\/davidbasso.com\/welcome\/index.php\/portfolio\/portfolio-musique\/\"><span style=\"color: #ff9900;\"><strong>voir le portfolio<\/strong><\/span><\/a><\/span><br \/>\n<span style=\"color: #000000;\">\u2013 <strong>Formations professionnelles<br \/>\n<\/strong>\u2013 Stages photos pour particuliers : plus de d\u00e9tail sur le site<\/span>[\/vc_column_text][\/vc_column][\/vc_row]<\/p>\n","protected":false},"excerpt":{"rendered":"<p>[vc_row parallax=\u00a0\u00bbcontent-moving-fade\u00a0\u00bb cth_layout=\u00a0\u00bbinshot_homefullheight_sec\u00a0\u00bb is_fullwidth=\u00a0\u00bbwide\u00a0\u00bb overlay_color=\u00a0\u00bb#ffffff\u00a0\u00bb parallax_inner=\u00a0\u00bb2587&Prime; el_class=\u00a0\u00bbbg-fixed\u00a0\u00bb css=\u00a0\u00bb.vc_custom_1628451390485{background-color: #ffffff !important;}\u00a0\u00bb][vc_column offset=\u00a0\u00bbvc_col-md-6&Prime; css=\u00a0\u00bb.vc_custom_1628451363567{padding-top: 160px !important;background-color: #ffffff !important;}\u00a0\u00bb][vc_column_text css_animation=\u00a0\u00bbfadeInRight\u00a0\u00bb el_class=\u00a0\u00bbtransaparent-text\u00a0\u00bb css=\u00a0\u00bb.vc_custom_1759775416813{background-color: #ffffff !important;}\u00a0\u00bb] Bienvenue chez moi ! J&rsquo;ai d\u00e9but\u00e9 la photo en argentique compl\u00e8tement autodidacte avec un Minolta SRT101, toujours sur moi ou dans le sac \u00e0 dos. Et c\u2019est en 2004 que j&rsquo;ai franchi le cap &hellip; <\/p>\n","protected":false},"author":1,"featured_media":2596,"parent":0,"menu_order":0,"comment_status":"closed","ping_status":"closed","template":"page-sidebar-right.php","meta":{"content-type":"","om_disable_all_campaigns":false,"_monsterinsights_skip_tracking":false,"_monsterinsights_sitenote_active":false,"_monsterinsights_sitenote_note":"","_monsterinsights_sitenote_category":0,"_uf_show_specific_survey":0,"_uf_disable_surveys":false,"footnotes":""},"class_list":["post-2294","page","type-page","status-publish","has-post-thumbnail","hentry"],"aioseo_notices":[],"_links":{"self":[{"href":"https:\/\/davidbasso.com\/welcome\/wp-json\/wp\/v2\/pages\/2294","targetHints":{"allow":["GET"]}}],"collection":[{"href":"https:\/\/davidbasso.com\/welcome\/wp-json\/wp\/v2\/pages"}],"about":[{"href":"https:\/\/davidbasso.com\/welcome\/wp-json\/wp\/v2\/types\/page"}],"author":[{"embeddable":true,"href":"https:\/\/davidbasso.com\/welcome\/wp-json\/wp\/v2\/users\/1"}],"replies":[{"embeddable":true,"href":"https:\/\/davidbasso.com\/welcome\/wp-json\/wp\/v2\/comments?post=2294"}],"version-history":[{"count":58,"href":"https:\/\/davidbasso.com\/welcome\/wp-json\/wp\/v2\/pages\/2294\/revisions"}],"predecessor-version":[{"id":4076,"href":"https:\/\/davidbasso.com\/welcome\/wp-json\/wp\/v2\/pages\/2294\/revisions\/4076"}],"wp:featuredmedia":[{"embeddable":true,"href":"https:\/\/davidbasso.com\/welcome\/wp-json\/wp\/v2\/media\/2596"}],"wp:attachment":[{"href":"https:\/\/davidbasso.com\/welcome\/wp-json\/wp\/v2\/media?parent=2294"}],"curies":[{"name":"wp","href":"https:\/\/api.w.org\/{rel}","templated":true}]}}