{"id":531,"date":"2016-10-13T09:35:46","date_gmt":"2016-10-13T07:35:46","guid":{"rendered":"http:\/\/demowp.cththemes.net\/diopter\/?page_id=531"},"modified":"2022-07-14T14:10:02","modified_gmt":"2022-07-14T12:10:02","slug":"concepteur-de-site-web-graphisme","status":"publish","type":"page","link":"https:\/\/davidbasso.com\/welcome\/concepteur-de-site-web-graphisme\/","title":{"rendered":"Web &#038; Graphisme"},"content":{"rendered":"<p>[vc_row cth_layout=\u00a0\u00bbinshot_page_sec\u00a0\u00bb][vc_column][inshot_section_title title_text=\u00a0\u00bbDavid ? Vous \u00eates graphiste aussi ?\u00a0\u00bb subtitle_text=\u00a0\u00bbLorem Ipsum generators on the Internet tend to repeat king this the first true generator .\u00a0\u00bb][\/inshot_section_title][vc_column_text]<\/p>\n<p class=\"p1\">En autodidacte oui et je vous propose des <b>sites web\u00a0<\/b><b>de qualit\u00e9<\/b><\/p>\n<p class=\"p1\">Que vous soyez une <b>petite entreprise<\/b>, un <b>entrepreneur<\/b>, un <b>musicien<\/b> fauch\u00e9, un <b>artiste dou\u00e9<\/b>, je vous accompagne pour r\u00e9aliser votre site web.<\/p>\n<p class=\"_04xlpA direction-ltr align-start para-style-title\"><strong><span class=\"JsGRdQ\">Depuis longtemps :<\/span><\/strong><\/p>\n<p class=\"p1\">Je suis aux commandes de sites internet depuis 30 ans. J\u2019ai commenc\u00e9 comme autodidacte avec Multimania, Photoshop et Dreamweaver. J&rsquo;ai ensuite migr\u00e9 chez WordPress il y a quelques ann\u00e9es et j&rsquo;ai m\u00eame cr\u00e9\u00e9 mes boutiques en Prestashop et Woocommerce.<\/p>\n<p class=\"p1\">En plus de la photo, la vid\u00e9o, les formations, la cr\u00e9ation de sites internet est une comp\u00e9tence de plus que j\u2019ai d\u00e9cid\u00e9 de partager avec vous. <b>Mon site, c&rsquo;est ma vitrine, mon portfolio et ma cr\u00e9dibilit\u00e9 professionnelle.<\/b><\/p>\n<p class=\"p1\">Je cr\u00e9e des sites web qui suivent les derni\u00e8res tendances et je suis tout disposer \u00e0 d\u00e9poussi\u00e9rer votre site pour le rendre attractif.<\/p>\n<p class=\"_04xlpA direction-ltr align-justify para-style-title\"><strong><span class=\"JsGRdQ\">Aujourd&rsquo;hui :<\/span><\/strong><\/p>\n<p class=\"p1\">Grace \u00e0 WordPress ou Wix, on peut cr\u00e9er des sites soi m\u00eame. Ok, c\u2019est pratique et gratuit , mais on se rend vite compte que ce n\u2019est pas si simple que \u00e7a si on veut aller plus long. La conception de son site internet devient vite chronophage. On se sent d\u00e9pass\u00e9 par la technique, le site devient alors un casse-t\u00eate de mise en forme et les pages temporaires deviennent d\u00e9finitives.<\/p>\n<p class=\"_04xlpA direction-ltr align-justify para-style-title\"><strong><span class=\"JsGRdQ\">Bref :<\/span><\/strong><\/p>\n<p class=\"p1\">J&rsquo;\u00e9coute, on partage et je prends la main. Je suis passionn\u00e9 et j&rsquo;adore r\u00e9aliser des sites en WordPress ou Wix, c&rsquo;est pour cette raison que j&rsquo;ai d\u00e9cid\u00e9 de vous proposer mes services.<\/p>\n<p>[\/vc_column_text][\/vc_column][\/vc_row][vc_row cth_layout=\u00a0\u00bbinshot_page_sec\u00a0\u00bb][vc_column][inshot_section_title title_text=\u00a0\u00bb4 formules \u00e0 d\u00e9couvrir et adapt\u00e9es \u00e0 votre budget\u00a0\u00bb subtitle_text=\u00a0\u00bbLorem Ipsum generators on the Internet tend to repeat king this the first true generator .\u00a0\u00bb][\/inshot_section_title][vc_column_text]<\/p>\n<p class=\"p1\">Apr\u00e8s avoir \u00e9chang\u00e9 ensemble sur vos besoins, vous me fournissez le r\u00e9dactionnel : vos textes, vos photos, vid\u00e9os, logos, ainsi que les liens vers vos pages Facebook, LinkedIn, Instagram (votre nom de domaine &amp; l\u2019h\u00e9bergement restent en plus \u00e0 votre charge).<br \/>\nJe me charge de construire votre site apr\u00e8s avoir choisi ensemble le template, c\u2019est-\u00e0-dire le look de votre site.<\/p>\n<p>[\/vc_column_text][vc_row_inner][vc_column_inner width=\u00a0\u00bb1\/3&Prime;][inshot_service ser_title=\u00a0\u00bbFORMULE n\u00b01&Prime; ser_img=\u00a0\u00bb2978&Prime; ser_price=\u00a0\u00bb-span- \u00e0 partir de : -span- 1000\u20acHT\u00a0\u00bb]<\/p>\n<p class=\"p1\">LE SITE VITRINE soit :<\/p>\n<p class=\"p1\">une page d&rsquo;accueil dynamique<br \/>\n+ 3 pages<br \/>\n+ une page contact<br \/>\n+ barre lat\u00e9rale cach\u00e9e<br \/>\n+ barre bas d&rsquo;informations<\/p>\n<p>[\/inshot_service][\/vc_column_inner][vc_column_inner width=\u00a0\u00bb1\/3&Prime;][inshot_service ser_title=\u00a0\u00bbFORMULE n\u00b02&Prime; ser_img=\u00a0\u00bb2979&Prime; ser_price=\u00a0\u00bb-span- \u00e0 partir de : -span- 1800\u20acHT\u00a0\u00bb]<\/p>\n<p class=\"p1\">LE SITE VITRINE (Formule 1)<br \/>\navec option shooting photo<\/p>\n<p class=\"_04xlpA direction-ltr align-center para-style-title\"><span class=\"JsGRdQ\">Une journ\u00e9e de prise de vue photo<br \/>\n<\/span><span class=\"JsGRdQ\">pour cr\u00e9er du contenu pour le site<br \/>\n<\/span>(traitement des photos inclus)<\/p>\n<p style=\"text-align: center;\">ou<\/p>\n<p><span class=\"JsGRdQ\">LE SITE VITRINE (Formule 1)<br \/>\navec option tournage vid\u00e9o<\/span><\/p>\n<p>Une journ\u00e9e de prise de vue vid\u00e9o<br \/>\n<span class=\"JsGRdQ\">pour cr\u00e9er du contenu pour le site<br \/>\n(comme des fonds de pages anim\u00e9s)<\/span>[\/inshot_service][\/vc_column_inner][vc_column_inner width=\u00a0\u00bb1\/3&Prime;][inshot_service ser_title=\u00a0\u00bbFORMULE N\u00b03&Prime; ser_img=\u00a0\u00bb2980&Prime; ser_price=\u00a0\u00bb-span- \u00e0 partir de : -span- 2300\u20acHT\u00a0\u00bb]<\/p>\n<p class=\"p1\">LE SITE VITRINE (Formule 1)<\/p>\n<p class=\"p1\">+<\/p>\n<p class=\"p1\">Shooting photo<br \/>\nTournage vid\u00e9o<br \/>\n(fond vid\u00e9o, mini films de pr\u00e9sentation, interviews)<\/p>\n<p>[\/inshot_service][\/vc_column_inner][\/vc_row_inner][\/vc_column][\/vc_row][vc_row cth_layout=\u00a0\u00bbinshot_page_sec\u00a0\u00bb][vc_column][inshot_section_title title_text=\u00a0\u00bbLe E-commerce\u00a0\u00bb subtitle_text=\u00a0\u00bbLorem Ipsum generators on the Internet tend to repeat king this the first true generator .\u00a0\u00bb][\/inshot_section_title][vc_column_text][\/vc_column_text][vc_row_inner][vc_column_inner width=\u00a0\u00bb1\/2&Prime;][inshot_service ser_title=\u00a0\u00bbFORMULE N\u00b04&Prime; ser_img=\u00a0\u00bb2981&Prime; ser_price=\u00a0\u00bb-span- \u00e0 partir de : -span- 2000\u20acHT\u00a0\u00bb]<\/p>\n<p class=\"p1\">UN SITE E-COMMERCE<\/p>\n<p class=\"p1\">Sur devis<br \/>\n\u00e0 partir de 2000\u20acHT<br \/>\nOption pack-shot produits<br \/>\n&#8211; 20 produits : 15\u20ac la photo de produit<br \/>\n&#8211; 20 \u00e0 40 produits : 12,5\u20ac la photo de produit<br \/>\n&#8211; 50 et plus : 6\u20ac la photo de produit<br \/>\nShooting photo en entreprise : 450\u20acHT<br \/>\nTraitement des photos : 90\u20ac pour 5 photos.<\/p>\n<p>[\/inshot_service][\/vc_column_inner][vc_column_inner width=\u00a0\u00bb1\/2&Prime;][inshot_service ser_title=\u00a0\u00bben option (\u00e0 la carte)\u00a0\u00bb ser_img=\u00a0\u00bb2982&Prime; ser_price=\u00a0\u00bb-span- \u00e0 partir de : -span- 60\u20acHT\/heure\u00a0\u00bb]<\/p>\n<ul>\n<li class=\"p1\">une formation de <strong>maintenance &amp; mise \u00e0 jour<\/strong> de votre site web<\/li>\n<li class=\"p1\">une formation \u00e0 <strong>mailerlite<\/strong> (mailing liste gratuite)<\/li>\n<li class=\"p1\">une formation \u00e0 <strong>canva<\/strong> (graphisme simplifi\u00e9 gratuit)<\/li>\n<li class=\"p1\">une formation pocket film : <a href=\"https:\/\/davidbasso.com\/welcome\/index.php\/formation\/\"><strong>filmer et monter sur smartphone<\/strong><\/a><\/li>\n<\/ul>\n<p class=\"p1\">Et en + : une avalanche de conseils &amp; astuces : savoir utiliser et comprendre les r\u00e9seaux ( les hashtag, facebook, instagram, hootsuite)<\/p>\n<p>[\/inshot_service][\/vc_column_inner][\/vc_row_inner][vc_column_text]<\/p>\n<p class=\"p1\"><b>en conclusion <\/b><\/p>\n<p class=\"p2\">Vous \u00eates un <strong>entrepreneur<\/strong> (comme moi), un <strong>artiste<\/strong> (comme moi), une <strong>asso<\/strong>, une<strong> entreprise<\/strong> et vous avez besoin d\u2019\u00eatre autonome et d\u2019avoir des outils de com en place (comme moi) = <strong><a href=\"https:\/\/davidbasso.com\/welcome\/index.php\/contact-db\/\">contactez moi<\/a><\/strong>, on devrait s&rsquo;entendre \ud83d\ude09<br \/>\nPour information,\u00a0 si votre demande va au-del\u00e0 de mes comp\u00e9tences (besoin d\u2019un logo, une charte graphique par exemple), je travaille aussi avec des graphistes et webdesigners.<\/p>\n<p>[\/vc_column_text][\/vc_column][\/vc_row]<\/p>\n","protected":false},"excerpt":{"rendered":"<p>[vc_row cth_layout=\u00a0\u00bbinshot_page_sec\u00a0\u00bb][vc_column][inshot_section_title title_text=\u00a0\u00bbDavid ? Vous \u00eates graphiste aussi ?\u00a0\u00bb subtitle_text=\u00a0\u00bbLorem Ipsum generators on the Internet tend to repeat king this the first true generator .\u00a0\u00bb][\/inshot_section_title][vc_column_text] En autodidacte oui et je vous propose des sites web\u00a0de qualit\u00e9 Que vous soyez une petite entreprise, un entrepreneur, un musicien fauch\u00e9, un artiste dou\u00e9, je vous accompagne pour r\u00e9aliser &hellip; <\/p>\n","protected":false},"author":1,"featured_media":2935,"parent":0,"menu_order":0,"comment_status":"closed","ping_status":"closed","template":"page-fullwidth.php","meta":{"content-type":"","om_disable_all_campaigns":false,"_monsterinsights_skip_tracking":false,"_monsterinsights_sitenote_active":false,"_monsterinsights_sitenote_note":"","_monsterinsights_sitenote_category":0,"_uf_show_specific_survey":0,"_uf_disable_surveys":false,"footnotes":""},"class_list":["post-531","page","type-page","status-publish","has-post-thumbnail","hentry"],"aioseo_notices":[],"_links":{"self":[{"href":"https:\/\/davidbasso.com\/welcome\/wp-json\/wp\/v2\/pages\/531","targetHints":{"allow":["GET"]}}],"collection":[{"href":"https:\/\/davidbasso.com\/welcome\/wp-json\/wp\/v2\/pages"}],"about":[{"href":"https:\/\/davidbasso.com\/welcome\/wp-json\/wp\/v2\/types\/page"}],"author":[{"embeddable":true,"href":"https:\/\/davidbasso.com\/welcome\/wp-json\/wp\/v2\/users\/1"}],"replies":[{"embeddable":true,"href":"https:\/\/davidbasso.com\/welcome\/wp-json\/wp\/v2\/comments?post=531"}],"version-history":[{"count":59,"href":"https:\/\/davidbasso.com\/welcome\/wp-json\/wp\/v2\/pages\/531\/revisions"}],"predecessor-version":[{"id":3313,"href":"https:\/\/davidbasso.com\/welcome\/wp-json\/wp\/v2\/pages\/531\/revisions\/3313"}],"wp:featuredmedia":[{"embeddable":true,"href":"https:\/\/davidbasso.com\/welcome\/wp-json\/wp\/v2\/media\/2935"}],"wp:attachment":[{"href":"https:\/\/davidbasso.com\/welcome\/wp-json\/wp\/v2\/media?parent=531"}],"curies":[{"name":"wp","href":"https:\/\/api.w.org\/{rel}","templated":true}]}}